{"id":17,"date":"2023-07-08T06:19:31","date_gmt":"2023-07-08T06:19:31","guid":{"rendered":"https:\/\/dzpecinci.rs\/wordpress\/?page_id=17"},"modified":"2025-10-27T13:49:49","modified_gmt":"2025-10-27T11:49:49","slug":"o-nama","status":"publish","type":"page","link":"https:\/\/dzpecinci.rs\/wordpress\/o-nama\/","title":{"rendered":"O nama"},"content":{"rendered":"\t\t<div data-elementor-type=\"wp-page\" data-elementor-id=\"17\" class=\"elementor elementor-17\">\n\t\t\t\t<div class=\"elementor-element elementor-element-b7d87b5 e-flex e-con-boxed e-con e-parent\" data-id=\"b7d87b5\" data-element_type=\"container\" data-e-type=\"container\">\n\t\t\t\t\t<div class=\"e-con-inner\">\n\t\t\t\t<div class=\"elementor-element elementor-element-1bdcbc2 elementor-widget__width-initial elementor-widget-tablet__width-inherit elementor-widget elementor-widget-elementskit-image-comparison\" data-id=\"1bdcbc2\" data-element_type=\"widget\" data-e-type=\"widget\" data-widget_type=\"elementskit-image-comparison.default\">\n\t\t\t\t<div class=\"elementor-widget-container\">\n\t\t\t\t\t<div class=\"ekit-wid-con\" >\n\t\t<div class=\"elementskit-image-comparison image-comparison-container\" data-offset=\"0.5\" data-overlay=\"\" data-label_after=\"2025\" data-label_before=\"1970\" data-move_slider_on_hover=\"\" data-click_to_move=\"\">\n\t\t\t<img decoding=\"async\" src=\"https:\/\/dzpecinci.rs\/wordpress\/wp-content\/uploads\/2023\/08\/dz1.jpg\" title=\"dz1\" alt=\"dz1\" loading=\"lazy\" \/><img decoding=\"async\" src=\"https:\/\/dzpecinci.rs\/wordpress\/wp-content\/uploads\/2023\/08\/dz2.jpg\" title=\"dz2\" alt=\"dz2\" loading=\"lazy\" \/>\t\t<\/div>\n\n\t<\/div>\t\t\t\t<\/div>\n\t\t\t\t<\/div>\n\t\t\t\t<div class=\"elementor-element elementor-element-ccc2681 elementor-widget elementor-widget-text-editor\" data-id=\"ccc2681\" data-element_type=\"widget\" data-e-type=\"widget\" data-widget_type=\"text-editor.default\">\n\t\t\t\t<div class=\"elementor-widget-container\">\n\t\t\t\t\t\t\t\t\t<p>Dom zdravlja \u201eDr Dragan Funduk\u201c u Pe\u0107incima sprovodi mere primarne zdravstvene za\u0161tite na teritoriji op\u0161tine Pe\u0107inci koja obuhvata 15 naselja sa 19.720 stanovnika. Do 1960. godine na teritoriji op\u0161tine nije postojala objedinjena zdravstvena slu\u017eba. Postojale su zdravstvene stanice od kojih je jedna bila i u Pe\u0107incima. Ona je 1970. godine prerasla u dom zdravlja sa dve zdravstvene stanice u \u0160imanovcima i Kupinovu i 11 ambulanata op\u0161te medicine u ostalim mestima.<\/p><p>Ustanova danas predstvalja zaokru\u017eenu radnu celinu u prostornom, kadrovskom i tehni\u010dko-tehnolo\u0161kom sadr\u017eaju i u potpunosti obezbe\u0111uje kvalitetnu primarnu zdravstvenu za\u0161titu stanovni\u0161tva.<\/p><p>Te\u017ei\u0161te ustanove usmereno je na:<\/p><ul><li>Pra\u0107enje i prou\u010davanje zdravstvenog stanja stanovni\u0161tva, zdravstvene kulture i predlaganje mera za o\u010duvanje i unapre\u0111enje zdravlja kroz vidove zdravstveno &#8211; vaspitnih aktivnosti i aktivnosti u oblasti preventive u prostorijama Doma zdravlja \u201eDr Dragan Funduk\u201c, van njih i putem sredstava javnog informisanja.<\/li><li>Otkrivanje uzoraka i \u0161irenja oboljenja i povreda, merama njihovog spre\u010davanja i suzbijanja, ranog otkrivanja, efikasnog i kvalitetnog le\u010denja, rehabilitacije i spre\u010davanja invalidnosti.<\/li><li>Sprovo\u0111enje i pra\u0107enje najnovijih dijagnosti\u010dkih protokola kao i na pro\u0161irenje njihovih mogu\u0107nosti.<\/li><li>Organizovanje i sprovo\u0111enje stru\u010dnog usavr\u0161avanja radnika.<\/li><li>Utvr\u0111ivanje i sprovo\u0111enje mera u toku vanrednih stanja.<\/li><li>Organizovanje i sprovo\u0111enje unutra\u0161njeg nadzora nad stru\u010dnim radom.<\/li><li>Pra\u0107enje novih tokova u tehnologiji komunikacija sa medijima i promovisanje delatnosti Doma zdravlja \u201eDr Dragan Funduk\u201c.<\/li><\/ul>\t\t\t\t\t\t\t\t<\/div>\n\t\t\t\t<\/div>\n\t\t\t\t<div class=\"elementor-element elementor-element-7522a08 elementor-arrows-position-outside elementor-pagination-position-outside elementor-widget elementor-widget-image-carousel\" data-id=\"7522a08\" data-element_type=\"widget\" data-e-type=\"widget\" data-settings=\"{&quot;slides_to_show&quot;:&quot;3&quot;,&quot;navigation&quot;:&quot;both&quot;,&quot;autoplay&quot;:&quot;yes&quot;,&quot;pause_on_hover&quot;:&quot;yes&quot;,&quot;pause_on_interaction&quot;:&quot;yes&quot;,&quot;autoplay_speed&quot;:5000,&quot;infinite&quot;:&quot;yes&quot;,&quot;speed&quot;:500}\" data-widget_type=\"image-carousel.default\">\n\t\t\t\t<div class=\"elementor-widget-container\">\n\t\t\t\t\t\t\t<div class=\"elementor-image-carousel-wrapper swiper\" role=\"region\" aria-roledescription=\"carousel\" aria-label=\"Image Carousel\" dir=\"ltr\">\n\t\t\t<div class=\"elementor-image-carousel swiper-wrapper\" aria-live=\"off\">\n\t\t\t\t\t\t\t\t<div class=\"swiper-slide\" role=\"group\" aria-roledescription=\"slide\" aria-label=\"1 of 7\"><a data-elementor-open-lightbox=\"yes\" data-elementor-lightbox-slideshow=\"7522a08\" data-e-action-hash=\"#elementor-action%3Aaction%3Dlightbox%26settings%3DeyJpZCI6MTU5OSwidXJsIjoiaHR0cHM6XC9cL2R6cGVjaW5jaS5yc1wvd29yZHByZXNzXC93cC1jb250ZW50XC91cGxvYWRzXC8yMDIzXC8wOFwvZHozLmpwZyIsInNsaWRlc2hvdyI6Ijc1MjJhMDgifQ%3D%3D\" href=\"https:\/\/dzpecinci.rs\/wordpress\/wp-content\/uploads\/2023\/08\/dz3.jpg\"><figure class=\"swiper-slide-inner\"><img decoding=\"async\" class=\"swiper-slide-image\" src=\"https:\/\/dzpecinci.rs\/wordpress\/wp-content\/uploads\/2023\/08\/dz3-300x169.jpg\" alt=\"dz3\" \/><\/figure><\/a><\/div><div class=\"swiper-slide\" role=\"group\" aria-roledescription=\"slide\" aria-label=\"2 of 7\"><a data-elementor-open-lightbox=\"yes\" data-elementor-lightbox-slideshow=\"7522a08\" data-e-action-hash=\"#elementor-action%3Aaction%3Dlightbox%26settings%3DeyJpZCI6MTYwMCwidXJsIjoiaHR0cHM6XC9cL2R6cGVjaW5jaS5yc1wvd29yZHByZXNzXC93cC1jb250ZW50XC91cGxvYWRzXC8yMDIzXC8wOFwvZHo0LmpwZyIsInNsaWRlc2hvdyI6Ijc1MjJhMDgifQ%3D%3D\" href=\"https:\/\/dzpecinci.rs\/wordpress\/wp-content\/uploads\/2023\/08\/dz4.jpg\"><figure class=\"swiper-slide-inner\"><img decoding=\"async\" class=\"swiper-slide-image\" src=\"https:\/\/dzpecinci.rs\/wordpress\/wp-content\/uploads\/2023\/08\/dz4-300x169.jpg\" alt=\"dz4\" \/><\/figure><\/a><\/div><div class=\"swiper-slide\" role=\"group\" aria-roledescription=\"slide\" aria-label=\"3 of 7\"><a data-elementor-open-lightbox=\"yes\" data-elementor-lightbox-slideshow=\"7522a08\" data-e-action-hash=\"#elementor-action%3Aaction%3Dlightbox%26settings%3DeyJpZCI6MTYwMSwidXJsIjoiaHR0cHM6XC9cL2R6cGVjaW5jaS5yc1wvd29yZHByZXNzXC93cC1jb250ZW50XC91cGxvYWRzXC8yMDIzXC8wOFwvZHo1LmpwZyIsInNsaWRlc2hvdyI6Ijc1MjJhMDgifQ%3D%3D\" href=\"https:\/\/dzpecinci.rs\/wordpress\/wp-content\/uploads\/2023\/08\/dz5.jpg\"><figure class=\"swiper-slide-inner\"><img decoding=\"async\" class=\"swiper-slide-image\" src=\"https:\/\/dzpecinci.rs\/wordpress\/wp-content\/uploads\/2023\/08\/dz5-300x169.jpg\" alt=\"dz5\" \/><\/figure><\/a><\/div><div class=\"swiper-slide\" role=\"group\" aria-roledescription=\"slide\" aria-label=\"4 of 7\"><a data-elementor-open-lightbox=\"yes\" data-elementor-lightbox-slideshow=\"7522a08\" data-e-action-hash=\"#elementor-action%3Aaction%3Dlightbox%26settings%3DeyJpZCI6MTYwMiwidXJsIjoiaHR0cHM6XC9cL2R6cGVjaW5jaS5yc1wvd29yZHByZXNzXC93cC1jb250ZW50XC91cGxvYWRzXC8yMDIzXC8wOFwvZHo2LmpwZyIsInNsaWRlc2hvdyI6Ijc1MjJhMDgifQ%3D%3D\" href=\"https:\/\/dzpecinci.rs\/wordpress\/wp-content\/uploads\/2023\/08\/dz6.jpg\"><figure class=\"swiper-slide-inner\"><img decoding=\"async\" class=\"swiper-slide-image\" src=\"https:\/\/dzpecinci.rs\/wordpress\/wp-content\/uploads\/2023\/08\/dz6-300x169.jpg\" alt=\"dz6\" \/><\/figure><\/a><\/div><div class=\"swiper-slide\" role=\"group\" aria-roledescription=\"slide\" aria-label=\"5 of 7\"><a data-elementor-open-lightbox=\"yes\" data-elementor-lightbox-slideshow=\"7522a08\" data-e-action-hash=\"#elementor-action%3Aaction%3Dlightbox%26settings%3DeyJpZCI6MTYwMywidXJsIjoiaHR0cHM6XC9cL2R6cGVjaW5jaS5yc1wvd29yZHByZXNzXC93cC1jb250ZW50XC91cGxvYWRzXC8yMDIzXC8wOFwvZHo3LmpwZyIsInNsaWRlc2hvdyI6Ijc1MjJhMDgifQ%3D%3D\" href=\"https:\/\/dzpecinci.rs\/wordpress\/wp-content\/uploads\/2023\/08\/dz7.jpg\"><figure class=\"swiper-slide-inner\"><img decoding=\"async\" class=\"swiper-slide-image\" src=\"https:\/\/dzpecinci.rs\/wordpress\/wp-content\/uploads\/2023\/08\/dz7-300x169.jpg\" alt=\"dz7\" \/><\/figure><\/a><\/div><div class=\"swiper-slide\" role=\"group\" aria-roledescription=\"slide\" aria-label=\"6 of 7\"><a data-elementor-open-lightbox=\"yes\" data-elementor-lightbox-slideshow=\"7522a08\" data-e-action-hash=\"#elementor-action%3Aaction%3Dlightbox%26settings%3DeyJpZCI6MTYwNCwidXJsIjoiaHR0cHM6XC9cL2R6cGVjaW5jaS5yc1wvd29yZHByZXNzXC93cC1jb250ZW50XC91cGxvYWRzXC8yMDIzXC8wOFwvZHo4LmpwZyIsInNsaWRlc2hvdyI6Ijc1MjJhMDgifQ%3D%3D\" href=\"https:\/\/dzpecinci.rs\/wordpress\/wp-content\/uploads\/2023\/08\/dz8.jpg\"><figure class=\"swiper-slide-inner\"><img decoding=\"async\" class=\"swiper-slide-image\" src=\"https:\/\/dzpecinci.rs\/wordpress\/wp-content\/uploads\/2023\/08\/dz8-300x169.jpg\" alt=\"dz8\" \/><\/figure><\/a><\/div><div class=\"swiper-slide\" role=\"group\" aria-roledescription=\"slide\" aria-label=\"7 of 7\"><a data-elementor-open-lightbox=\"yes\" data-elementor-lightbox-slideshow=\"7522a08\" data-e-action-hash=\"#elementor-action%3Aaction%3Dlightbox%26settings%3DeyJpZCI6MTYzOCwidXJsIjoiaHR0cHM6XC9cL2R6cGVjaW5jaS5yc1wvd29yZHByZXNzXC93cC1jb250ZW50XC91cGxvYWRzXC8yMDIzXC8wOFwvZHo5LmpwZyIsInNsaWRlc2hvdyI6Ijc1MjJhMDgifQ%3D%3D\" href=\"https:\/\/dzpecinci.rs\/wordpress\/wp-content\/uploads\/2023\/08\/dz9.jpg\"><figure class=\"swiper-slide-inner\"><img decoding=\"async\" class=\"swiper-slide-image\" src=\"https:\/\/dzpecinci.rs\/wordpress\/wp-content\/uploads\/2023\/08\/dz9-300x169.jpg\" alt=\"dz9\" \/><\/figure><\/a><\/div>\t\t\t<\/div>\n\t\t\t\t\t\t\t\t\t\t\t\t<div class=\"elementor-swiper-button elementor-swiper-button-prev\" role=\"button\" tabindex=\"0\">\n\t\t\t\t\t\t<i aria-hidden=\"true\" class=\"eicon-chevron-left\"><\/i>\t\t\t\t\t<\/div>\n\t\t\t\t\t<div class=\"elementor-swiper-button elementor-swiper-button-next\" role=\"button\" tabindex=\"0\">\n\t\t\t\t\t\t<i aria-hidden=\"true\" class=\"eicon-chevron-right\"><\/i>\t\t\t\t\t<\/div>\n\t\t\t\t\n\t\t\t\t\t\t\t\t\t<div class=\"swiper-pagination\"><\/div>\n\t\t\t\t\t\t\t\t\t<\/div>\n\t\t\t\t\t\t<\/div>\n\t\t\t\t<\/div>\n\t\t\t\t\t<\/div>\n\t\t\t\t<\/div>\n\t\t\t\t<\/div>\n\t\t","protected":false},"excerpt":{"rendered":"<p>Dom zdravlja \u201eDr Dragan Funduk\u201c u Pe\u0107incima sprovodi mere primarne zdravstvene za\u0161tite na teritoriji op\u0161tine Pe\u0107inci koja obuhvata 15 naselja sa 19.720 stanovnika. Do 1960. godine na teritoriji op\u0161tine nije postojala objedinjena zdravstvena slu\u017eba. Postojale su zdravstvene stanice od kojih je jedna bila i u Pe\u0107incima. Ona je 1970. godine prerasla u dom zdravlja sa [&hellip;]<\/p>\n","protected":false},"author":1,"featured_media":0,"parent":0,"menu_order":0,"comment_status":"closed","ping_status":"closed","template":"","meta":{"_eb_attr":"","footnotes":""},"class_list":["post-17","page","type-page","status-publish","hentry"],"blocksy_meta":[],"yoast_head":"<!-- This site is optimized with the Yoast SEO plugin v27.5 - https:\/\/yoast.com\/product\/yoast-seo-wordpress\/ -->\n<title>O nama - Dom zdravlja &quot;Dr Dragan Funduk&quot; Pe\u0107inci<\/title>\n<meta name=\"description\" content=\"Dom zdravlja &quot;Dr Dragan Funduk&quot; posve\u0107en je o\u010duvanju i unapre\u0111enju zdravlja svih gra\u0111ana. Saznajte vi\u0161e o istoriji i misiji na\u0161e ustanove.\" \/>\n<meta name=\"robots\" content=\"index, follow, max-snippet:-1, max-image-preview:large, max-video-preview:-1\" \/>\n<link rel=\"canonical\" href=\"https:\/\/dzpecinci.rs\/wordpress\/o-nama\/\" \/>\n<meta property=\"og:locale\" content=\"sr_RS\" \/>\n<meta property=\"og:type\" content=\"article\" \/>\n<meta property=\"og:title\" content=\"O nama - Dom zdravlja &quot;Dr Dragan Funduk&quot; Pe\u0107inci\" \/>\n<meta property=\"og:description\" content=\"Dom zdravlja &quot;Dr Dragan Funduk&quot; posve\u0107en je o\u010duvanju i unapre\u0111enju zdravlja svih gra\u0111ana. Saznajte vi\u0161e o istoriji i misiji na\u0161e ustanove.\" \/>\n<meta property=\"og:url\" content=\"https:\/\/dzpecinci.rs\/wordpress\/o-nama\/\" \/>\n<meta property=\"og:site_name\" content=\"Dom zdravlja &quot;Dr Dragan Funduk&quot; Pe\u0107inci\" \/>\n<meta property=\"article:modified_time\" content=\"2025-10-27T11:49:49+00:00\" \/>\n<meta property=\"og:image\" content=\"https:\/\/dzpecinci.rs\/wordpress\/wp-content\/uploads\/2023\/08\/dz1.jpg\" \/>\n<meta name=\"twitter:card\" content=\"summary_large_image\" \/>\n<meta name=\"twitter:label1\" content=\"Procenjeno vreme \u010ditanja\" \/>\n\t<meta name=\"twitter:data1\" content=\"3 minuta\" \/>\n<script type=\"application\/ld+json\" class=\"yoast-schema-graph\">{\"@context\":\"https:\\\/\\\/schema.org\",\"@graph\":[{\"@type\":\"WebPage\",\"@id\":\"https:\\\/\\\/dzpecinci.rs\\\/wordpress\\\/o-nama\\\/\",\"url\":\"https:\\\/\\\/dzpecinci.rs\\\/wordpress\\\/o-nama\\\/\",\"name\":\"\u041e \u043d\u0430\u043c\u0430 - Dom zdravlja &quot;Dr Dragan Funduk&quot; Pe\u0107inci\",\"isPartOf\":{\"@id\":\"https:\\\/\\\/dzpecinci.rs\\\/wordpress\\\/#website\"},\"primaryImageOfPage\":{\"@id\":\"https:\\\/\\\/dzpecinci.rs\\\/wordpress\\\/o-nama\\\/#primaryimage\"},\"image\":{\"@id\":\"https:\\\/\\\/dzpecinci.rs\\\/wordpress\\\/o-nama\\\/#primaryimage\"},\"thumbnailUrl\":\"https:\\\/\\\/dzpecinci.rs\\\/wordpress\\\/wp-content\\\/uploads\\\/2023\\\/08\\\/dz1.jpg\",\"datePublished\":\"2023-07-08T06:19:31+00:00\",\"dateModified\":\"2025-10-27T11:49:49+00:00\",\"description\":\"\u0414\u043e\u043c \u0437\u0434\u0440\u0430\u0432\u0459\u0430 \\\"\u0414\u0440 \u0414\u0440\u0430\u0433\u0430\u043d \u0424\u0443\u043d\u0434\u0443\u043a\\\" \u043f\u043e\u0441\u0432\u0435\u045b\u0435\u043d \u0458\u0435 \u043e\u0447\u0443\u0432\u0430\u045a\u0443 \u0438 \u0443\u043d\u0430\u043f\u0440\u0435\u0452\u0435\u045a\u0443 \u0437\u0434\u0440\u0430\u0432\u0459\u0430 \u0441\u0432\u0438\u0445 \u0433\u0440\u0430\u0452\u0430\u043d\u0430. \u0421\u0430\u0437\u043d\u0430\u0458\u0442\u0435 \u0432\u0438\u0448\u0435 \u043e \u0438\u0441\u0442\u043e\u0440\u0438\u0458\u0438 \u0438 \u043c\u0438\u0441\u0438\u0458\u0438 \u043d\u0430\u0448\u0435 \u0443\u0441\u0442\u0430\u043d\u043e\u0432\u0435.\",\"breadcrumb\":{\"@id\":\"https:\\\/\\\/dzpecinci.rs\\\/wordpress\\\/o-nama\\\/#breadcrumb\"},\"inLanguage\":\"sr-RS\",\"potentialAction\":[{\"@type\":\"ReadAction\",\"target\":[\"https:\\\/\\\/dzpecinci.rs\\\/wordpress\\\/o-nama\\\/\"]}]},{\"@type\":\"ImageObject\",\"inLanguage\":\"sr-RS\",\"@id\":\"https:\\\/\\\/dzpecinci.rs\\\/wordpress\\\/o-nama\\\/#primaryimage\",\"url\":\"https:\\\/\\\/dzpecinci.rs\\\/wordpress\\\/wp-content\\\/uploads\\\/2023\\\/08\\\/dz1.jpg\",\"contentUrl\":\"https:\\\/\\\/dzpecinci.rs\\\/wordpress\\\/wp-content\\\/uploads\\\/2023\\\/08\\\/dz1.jpg\",\"width\":1920,\"height\":1080,\"caption\":\"dz1\"},{\"@type\":\"BreadcrumbList\",\"@id\":\"https:\\\/\\\/dzpecinci.rs\\\/wordpress\\\/o-nama\\\/#breadcrumb\",\"itemListElement\":[{\"@type\":\"ListItem\",\"position\":1,\"name\":\"Home\",\"item\":\"https:\\\/\\\/dzpecinci.rs\\\/wordpress\\\/\"},{\"@type\":\"ListItem\",\"position\":2,\"name\":\"\u041e \u043d\u0430\u043c\u0430\"}]},{\"@type\":\"WebSite\",\"@id\":\"https:\\\/\\\/dzpecinci.rs\\\/wordpress\\\/#website\",\"url\":\"https:\\\/\\\/dzpecinci.rs\\\/wordpress\\\/\",\"name\":\"\u0414\u043e\u043c \u0437\u0434\u0440\u0430\u0432\u0459\u0430 \\\"\u0414\u0440 \u0414\u0440\u0430\u0433\u0430\u043d \u0424\u0443\u043d\u0434\u0443\u043a\\\" \u041f\u0435\u045b\u0438\u043d\u0446\u0438\",\"description\":\"Informacije i aktuelnosti u vezi Doma zdravlja &quot;Dr Dragan Funduk&quot; Pe\u0107icni\",\"publisher\":{\"@id\":\"https:\\\/\\\/dzpecinci.rs\\\/wordpress\\\/#organization\"},\"potentialAction\":[{\"@type\":\"SearchAction\",\"target\":{\"@type\":\"EntryPoint\",\"urlTemplate\":\"https:\\\/\\\/dzpecinci.rs\\\/wordpress\\\/?s={search_term_string}\"},\"query-input\":{\"@type\":\"PropertyValueSpecification\",\"valueRequired\":true,\"valueName\":\"search_term_string\"}}],\"inLanguage\":\"sr-RS\"},{\"@type\":\"Organization\",\"@id\":\"https:\\\/\\\/dzpecinci.rs\\\/wordpress\\\/#organization\",\"name\":\"\u0414\u043e\u043c \u0437\u0434\u0440\u0430\u0432\u0459\u0430 \\\"\u0414\u0440 \u0414\u0440\u0430\u0433\u0430\u043d \u0424\u0443\u043d\u0434\u0443\u043a\\\" \u041f\u0435\u045b\u0438\u043d\u0446\u0438\",\"url\":\"https:\\\/\\\/dzpecinci.rs\\\/wordpress\\\/\",\"logo\":{\"@type\":\"ImageObject\",\"inLanguage\":\"sr-RS\",\"@id\":\"https:\\\/\\\/dzpecinci.rs\\\/wordpress\\\/#\\\/schema\\\/logo\\\/image\\\/\",\"url\":\"https:\\\/\\\/dzpecinci.rs\\\/wordpress\\\/wp-content\\\/uploads\\\/2023\\\/08\\\/logo2.png\",\"contentUrl\":\"https:\\\/\\\/dzpecinci.rs\\\/wordpress\\\/wp-content\\\/uploads\\\/2023\\\/08\\\/logo2.png\",\"width\":512,\"height\":512,\"caption\":\"\u0414\u043e\u043c \u0437\u0434\u0440\u0430\u0432\u0459\u0430 \\\"\u0414\u0440 \u0414\u0440\u0430\u0433\u0430\u043d \u0424\u0443\u043d\u0434\u0443\u043a\\\" \u041f\u0435\u045b\u0438\u043d\u0446\u0438\"},\"image\":{\"@id\":\"https:\\\/\\\/dzpecinci.rs\\\/wordpress\\\/#\\\/schema\\\/logo\\\/image\\\/\"}}]}<\/script>\n<!-- \/ Yoast SEO plugin. -->","yoast_head_json":{"title":"O nama - Dom zdravlja &quot;Dr Dragan Funduk&quot; Pe\u0107inci","description":"Dom zdravlja \"Dr Dragan Funduk\" posve\u0107en je o\u010duvanju i unapre\u0111enju zdravlja svih gra\u0111ana. Saznajte vi\u0161e o istoriji i misiji na\u0161e ustanove.","robots":{"index":"index","follow":"follow","max-snippet":"max-snippet:-1","max-image-preview":"max-image-preview:large","max-video-preview":"max-video-preview:-1"},"canonical":"https:\/\/dzpecinci.rs\/wordpress\/o-nama\/","og_locale":"sr_RS","og_type":"article","og_title":"O nama - Dom zdravlja &quot;Dr Dragan Funduk&quot; Pe\u0107inci","og_description":"Dom zdravlja \"Dr Dragan Funduk\" posve\u0107en je o\u010duvanju i unapre\u0111enju zdravlja svih gra\u0111ana. Saznajte vi\u0161e o istoriji i misiji na\u0161e ustanove.","og_url":"https:\/\/dzpecinci.rs\/wordpress\/o-nama\/","og_site_name":"Dom zdravlja &quot;Dr Dragan Funduk&quot; Pe\u0107inci","article_modified_time":"2025-10-27T11:49:49+00:00","og_image":[{"url":"https:\/\/dzpecinci.rs\/wordpress\/wp-content\/uploads\/2023\/08\/dz1.jpg","type":"","width":"","height":""}],"twitter_card":"summary_large_image","twitter_misc":{"Procenjeno vreme \u010ditanja":"3 minuta"},"schema":{"@context":"https:\/\/schema.org","@graph":[{"@type":"WebPage","@id":"https:\/\/dzpecinci.rs\/wordpress\/o-nama\/","url":"https:\/\/dzpecinci.rs\/wordpress\/o-nama\/","name":"O nama - Dom zdravlja &quot;Dr Dragan Funduk&quot; Pe\u0107inci","isPartOf":{"@id":"https:\/\/dzpecinci.rs\/wordpress\/#website"},"primaryImageOfPage":{"@id":"https:\/\/dzpecinci.rs\/wordpress\/o-nama\/#primaryimage"},"image":{"@id":"https:\/\/dzpecinci.rs\/wordpress\/o-nama\/#primaryimage"},"thumbnailUrl":"https:\/\/dzpecinci.rs\/wordpress\/wp-content\/uploads\/2023\/08\/dz1.jpg","datePublished":"2023-07-08T06:19:31+00:00","dateModified":"2025-10-27T11:49:49+00:00","description":"Dom zdravlja \"Dr Dragan Funduk\" posve\u0107en je o\u010duvanju i unapre\u0111enju zdravlja svih gra\u0111ana. Saznajte vi\u0161e o istoriji i misiji na\u0161e ustanove.","breadcrumb":{"@id":"https:\/\/dzpecinci.rs\/wordpress\/o-nama\/#breadcrumb"},"inLanguage":"sr-RS","potentialAction":[{"@type":"ReadAction","target":["https:\/\/dzpecinci.rs\/wordpress\/o-nama\/"]}]},{"@type":"ImageObject","inLanguage":"sr-RS","@id":"https:\/\/dzpecinci.rs\/wordpress\/o-nama\/#primaryimage","url":"https:\/\/dzpecinci.rs\/wordpress\/wp-content\/uploads\/2023\/08\/dz1.jpg","contentUrl":"https:\/\/dzpecinci.rs\/wordpress\/wp-content\/uploads\/2023\/08\/dz1.jpg","width":1920,"height":1080,"caption":"dz1"},{"@type":"BreadcrumbList","@id":"https:\/\/dzpecinci.rs\/wordpress\/o-nama\/#breadcrumb","itemListElement":[{"@type":"ListItem","position":1,"name":"Home","item":"https:\/\/dzpecinci.rs\/wordpress\/"},{"@type":"ListItem","position":2,"name":"O nama"}]},{"@type":"WebSite","@id":"https:\/\/dzpecinci.rs\/wordpress\/#website","url":"https:\/\/dzpecinci.rs\/wordpress\/","name":"Dom zdravlja \"Dr Dragan Funduk\" Pe\u0107inci","description":"Informacije i aktuelnosti u vezi Doma zdravlja &quot;Dr Dragan Funduk&quot; Pe\u0107icni","publisher":{"@id":"https:\/\/dzpecinci.rs\/wordpress\/#organization"},"potentialAction":[{"@type":"SearchAction","target":{"@type":"EntryPoint","urlTemplate":"https:\/\/dzpecinci.rs\/wordpress\/?s={search_term_string}"},"query-input":{"@type":"PropertyValueSpecification","valueRequired":true,"valueName":"search_term_string"}}],"inLanguage":"sr-RS"},{"@type":"Organization","@id":"https:\/\/dzpecinci.rs\/wordpress\/#organization","name":"Dom zdravlja \"Dr Dragan Funduk\" Pe\u0107inci","url":"https:\/\/dzpecinci.rs\/wordpress\/","logo":{"@type":"ImageObject","inLanguage":"sr-RS","@id":"https:\/\/dzpecinci.rs\/wordpress\/#\/schema\/logo\/image\/","url":"https:\/\/dzpecinci.rs\/wordpress\/wp-content\/uploads\/2023\/08\/logo2.png","contentUrl":"https:\/\/dzpecinci.rs\/wordpress\/wp-content\/uploads\/2023\/08\/logo2.png","width":512,"height":512,"caption":"Dom zdravlja \"Dr Dragan Funduk\" Pe\u0107inci"},"image":{"@id":"https:\/\/dzpecinci.rs\/wordpress\/#\/schema\/logo\/image\/"}}]}},"rttpg_featured_image_url":null,"rttpg_author":{"display_name":"admin","author_link":"https:\/\/dzpecinci.rs\/wordpress\/author\/domzdravlja-pecinci_npmn7gpz\/"},"rttpg_comment":0,"rttpg_category":null,"rttpg_excerpt":"Dom zdravlja \u201eDr Dragan Funduk\u201c u Pe\u0107incima sprovodi mere primarne zdravstvene za\u0161tite na teritoriji op\u0161tine Pe\u0107inci koja obuhvata 15 naselja sa 19.720 stanovnika. Do 1960. godine na teritoriji op\u0161tine nije postojala objedinjena zdravstvena slu\u017eba. Postojale su zdravstvene stanice od kojih je jedna bila i u Pe\u0107incima. Ona je 1970. godine prerasla u dom zdravlja sa&hellip;","_links":{"self":[{"href":"https:\/\/dzpecinci.rs\/wordpress\/wp-json\/wp\/v2\/pages\/17","targetHints":{"allow":["GET"]}}],"collection":[{"href":"https:\/\/dzpecinci.rs\/wordpress\/wp-json\/wp\/v2\/pages"}],"about":[{"href":"https:\/\/dzpecinci.rs\/wordpress\/wp-json\/wp\/v2\/types\/page"}],"author":[{"embeddable":true,"href":"https:\/\/dzpecinci.rs\/wordpress\/wp-json\/wp\/v2\/users\/1"}],"replies":[{"embeddable":true,"href":"https:\/\/dzpecinci.rs\/wordpress\/wp-json\/wp\/v2\/comments?post=17"}],"version-history":[{"count":1,"href":"https:\/\/dzpecinci.rs\/wordpress\/wp-json\/wp\/v2\/pages\/17\/revisions"}],"predecessor-version":[{"id":2887,"href":"https:\/\/dzpecinci.rs\/wordpress\/wp-json\/wp\/v2\/pages\/17\/revisions\/2887"}],"wp:attachment":[{"href":"https:\/\/dzpecinci.rs\/wordpress\/wp-json\/wp\/v2\/media?parent=17"}],"curies":[{"name":"wp","href":"https:\/\/api.w.org\/{rel}","templated":true}]}}