{"id":480,"date":"2023-07-19T06:07:24","date_gmt":"2023-07-19T06:07:24","guid":{"rendered":"https:\/\/dzpecinci.rs\/wordpress\/?page_id=480"},"modified":"2025-09-18T09:37:57","modified_gmt":"2025-09-18T09:37:57","slug":"organi-doma-zdravlja","status":"publish","type":"page","link":"https:\/\/dzpecinci.rs\/wordpress\/organi-doma-zdravlja\/","title":{"rendered":"Organi doma zdravlja"},"content":{"rendered":"\t\t<div data-elementor-type=\"wp-page\" data-elementor-id=\"480\" class=\"elementor elementor-480\">\n\t\t\t\t<div class=\"elementor-element elementor-element-4364e28 e-flex e-con-boxed e-con e-parent\" data-id=\"4364e28\" data-element_type=\"container\" data-e-type=\"container\">\n\t\t\t\t\t<div class=\"e-con-inner\">\n\t\t\t\t<div class=\"elementor-element elementor-element-44b00ac elementor-widget elementor-widget-text-editor\" data-id=\"44b00ac\" data-element_type=\"widget\" data-e-type=\"widget\" data-widget_type=\"text-editor.default\">\n\t\t\t\t<div class=\"elementor-widget-container\">\n\t\t\t\t\t\t\t\t\t<h2 style=\"text-align: center;\">Upravni odbor<\/h2><p>Upravni odbor ima tri \u010dlana, od kojih je jedan \u010dlan iz reda zaposlenih u Domu zdravlja \u201eDr Dragan Funduk\u201c Pe\u0107inci, a dva \u010dlana su predstavnici oniva\u010da. Upravni odbor se imenuje na period od \u010detiri godine. Upravni odbor vr\u0161i slede\u0107e poslove: donosi statut Doma zdravlja \u201eDr Dragan Funduk\u201c Pe\u0107inci, uz saglasnost osniva\u010da; donosi druge op\u0161te akte ustanove uz skladu sa zakonom; odlu\u010duje o poslovanju zdravstvene ustanove; donosi program rada i razvoja; donosi finansijski plan i godi\u0161nji obra\u010dun zdravstvene ustanove u skladu sa zakonom; odlu\u010duje o kori\u0161\u0107enju sredstava zdravstvene ustanove u skladu sa zakonom; raspisuje javni konkurs i sprovodi postupak izbora kandidata za obavljanje funkcije direktora; donosi poslovnik o svom radu; podnosi osniva\u010du godi\u0161nji izve\u0161taj o rezultatima rada doma zdravlja; obavlja i druge poslove utvr\u0111ene zakonom i statutom Doma\u00a0zdravlja \u201eDr Dragan Funduk\u201c\u00a0Pe\u0107inci.<\/p><p><strong>\u010clanovi upravnog odbora:<\/strong><\/p><ul><li>Dr Bojana Jovanovi\u0107 &#8211; predsednik<\/li><li>Danijela Nedeljkovi\u0107<\/li><li>Dr Aleksandra Gavran\u010di\u0107 Simi\u0107<\/li><\/ul><h2 style=\"text-align: center;\">Nadzorni odbor<\/h2><p>Nadzorni odbor ima tri \u010dlana, od kojih je jedan iz reda zaposlenih u Domu zdravlja \u201eDr Dragan Funduk\u201c Pe\u0107inci, dok su dva \u010dlana predstavnici osniva\u010da. Nadzorni odbor imenuje se na period od \u010detiri godine. Nadzorni odbor vr\u0161i slede\u0107e poslove: razmatra godi\u0161nji i \u0161estomese\u010dni izve\u0161taj o radu i poslovanju Doma zdravlja \u201eDr Dragan Funduk\u201c Pe\u0107inci; donosi poslovnik o svom radu; vr\u0161i uvid u sprovo\u0111enje zakona i drugih propisa u vezi sa finansijskim poslovanjem Doma zdravlja \u201eDr Dragan Funduk\u201c Pe\u0107inci; vr\u0161i uvid u sprovo\u0111enje odluka Upravnog odbora; obavlja i druge poslove utvr\u0111ene zakonom i statutom Doma zdravlja \u201eDr Dragan Funduk\u201c Pe\u0107inci.<\/p><p><strong>\u010clanovi nadzornog odbora:<\/strong><\/p><ul><li>Milica Po\u0161arac &#8211; predsednik<\/li><li>Biljana Milo\u0161evi\u0107<\/li><li>Dr Nata\u0161a Jeremi\u0107<\/li><\/ul><h2 style=\"text-align: center;\">Stru\u010dni savet<\/h2><p>Stru\u010dni savet predstavlja savetodavno telo direktora i upravnog odbora. Neki od osnovnih zadataka stru\u010dnog saveta su da predla\u017ee program stru\u010dnog rada i razvoja ustanove i predla\u017ee plan stru\u010dnog usavr\u0161avanja. Pored toga, stru\u010dni savet prati i sprovo\u0111enje unutra\u0161nje provere kvaliteta stru\u010dnog rada.<\/p><p><strong>\u010clanovi stru\u010dnog saveta:<\/strong><\/p><ul><li>Dr Bojana Dobrikovi\u0107 Arsenijevi\u0107 &#8211; predsednik\u00a0<\/li><li>Dr Vera Kere\u010dki Pavkovi\u0107<\/li><li>Dr Miroslav Nikoli\u0107,\u00a0<\/li><li>Dr Filip Marinovi\u0107,\u00a0<\/li><li>Dr Milan Gnjidi\u0107<\/li><\/ul><h2 style=\"text-align: center;\">Eti\u010dki odbor<\/h2><p>Eti\u010dki odbor je odgovoran za nadgledanje i analizu primene eti\u010dkih i deontolo\u0161kih na\u010dela u oblasti zdravstvene delatnosti. Osnovna zadatak Eti\u010dkog odbora je pra\u0107enje i analiza eti\u010dnosti odnosa izme\u0111u zdravstvenih radnika i pacijenata, sa posebnim fokusom na oblast dobijanja saglasnosti pacijenata za predlo\u017eene medicinske mere.<\/p><p><strong>\u010clanovi eti\u010dkog odbora:<\/strong><\/p><ul><li>Mr ph Nata\u0161a Gaji\u0107 &#8211; predsednik<\/li><li>Dr Zorica Mandi\u0107<\/li><li>Dr Jovana Budi\u0161in<\/li><li>Slavica Morav\u010devi\u0107<\/li><li>Sne\u017eana Tep\u0161a<\/li><\/ul><h2 style=\"text-align: center;\">Komisija za unapre\u0111enje kvaliteta zdravstvene za\u0161tite<\/h2><p>Komisija za unapre\u0111enje kvaliteta zdravstvene za\u0161tite je stru\u010dno telo koje se stara o stalnom unapre\u0111enju kvaliteta zdravstvene za\u0161tite koja se sprovodi u zdravstvenoj ustanovi. Formiranje komisija za unapre\u0111enje kvaliteta zdravstvene za\u0161tite u zdravstvenim ustanovama po\u010delo je 2004. godine na inicijativu Ministarstva zdravlja. Ova komisija prati pokazatelje kvaliteta, donosi godi\u0161nje planove i izve\u0161taje o kvalitetu zdravstvene za\u0161tite, i predla\u017ee mere za njeno pobolj\u0161anje. Ovakve komisije igraju klju\u010dnu ulogu u osiguranju visokog standarda zdravstvene za\u0161tite za sve pacijente.<\/p><p><strong>\u010clanovi komisije za unapre\u0111enje kvaliteta zdravstvene za\u0161tite:<\/strong><\/p><ul><li>Dr Milena Maksimovi\u0107 &#8211; predsednik\u00a0<\/li><li>Dr Tatjana Radinovi\u0107 Proti\u0107<\/li><li>Dr Milo\u0161 Mihi\u0107<\/li><li>Zdenka Trifunovi\u0107<\/li><li>Gordana Stefanovi\u0107<\/li><\/ul><h2 style=\"text-align: center;\">Za\u0161tita podataka o li\u010dnosti<\/h2><p><strong>Lice za za\u0161titu podataka o li\u010dnosti:<\/strong><\/p><ul><li>Sla\u0111ana \u010cesti\u0107, dipl. pravnik<\/li><li>Kontakt tel.: 022\/215-22-24<\/li><li>Adresa el. po\u0161te: domzdravlja-pecinci@mts.rs<\/li><\/ul><h2 style=\"text-align: center;\">Slobodan pristup informacijama<\/h2><p><strong>Lice za slobodan pristup informacijama:<\/strong><\/p><ul><li>Sla\u0111ana \u010cesti\u0107, dipl. pravnik<\/li><li>Kontakt tel.: 022\/215-22-24<\/li><li>Adresa el. po\u0161te: domzdravlja-pecinci@mts.rs<\/li><\/ul>\t\t\t\t\t\t\t\t<\/div>\n\t\t\t\t<\/div>\n\t\t\t\t\t<\/div>\n\t\t\t\t<\/div>\n\t\t\t\t<\/div>\n\t\t","protected":false},"excerpt":{"rendered":"<p>Upravni odbor Upravni odbor ima tri \u010dlana, od kojih je jedan \u010dlan iz reda zaposlenih u Domu zdravlja \u201eDr Dragan Funduk\u201c Pe\u0107inci, a dva \u010dlana su predstavnici oniva\u010da. Upravni odbor se imenuje na period od \u010detiri godine. Upravni odbor vr\u0161i slede\u0107e poslove: donosi statut Doma zdravlja \u201eDr Dragan Funduk\u201c Pe\u0107inci, uz saglasnost osniva\u010da; donosi druge [&hellip;]<\/p>\n","protected":false},"author":1,"featured_media":0,"parent":0,"menu_order":0,"comment_status":"closed","ping_status":"closed","template":"","meta":{"_eb_attr":"","footnotes":""},"class_list":["post-480","page","type-page","status-publish","hentry"],"blocksy_meta":[],"yoast_head":"<!-- This site is optimized with the Yoast SEO plugin v27.5 - https:\/\/yoast.com\/product\/yoast-seo-wordpress\/ -->\n<title>Organi doma zdravlja - Dom zdravlja &quot;Dr Dragan Funduk&quot; Pe\u0107inci<\/title>\n<meta name=\"robots\" content=\"index, follow, max-snippet:-1, max-image-preview:large, max-video-preview:-1\" \/>\n<link rel=\"canonical\" href=\"https:\/\/dzpecinci.rs\/wordpress\/organi-doma-zdravlja\/\" \/>\n<meta property=\"og:locale\" content=\"sr_RS\" \/>\n<meta property=\"og:type\" content=\"article\" \/>\n<meta property=\"og:title\" content=\"Organi doma zdravlja - Dom zdravlja &quot;Dr Dragan Funduk&quot; Pe\u0107inci\" \/>\n<meta property=\"og:description\" content=\"Upravni odbor Upravni odbor ima tri \u010dlana, od kojih je jedan \u010dlan iz reda zaposlenih u Domu zdravlja \u201eDr Dragan Funduk\u201c Pe\u0107inci, a dva \u010dlana su predstavnici oniva\u010da. Upravni odbor se imenuje na period od \u010detiri godine. Upravni odbor vr\u0161i slede\u0107e poslove: donosi statut Doma zdravlja \u201eDr Dragan Funduk\u201c Pe\u0107inci, uz saglasnost osniva\u010da; donosi druge [&hellip;]\" \/>\n<meta property=\"og:url\" content=\"https:\/\/dzpecinci.rs\/wordpress\/organi-doma-zdravlja\/\" \/>\n<meta property=\"og:site_name\" content=\"Dom zdravlja &quot;Dr Dragan Funduk&quot; Pe\u0107inci\" \/>\n<meta property=\"article:modified_time\" content=\"2025-09-18T09:37:57+00:00\" \/>\n<meta name=\"twitter:card\" content=\"summary_large_image\" \/>\n<script type=\"application\/ld+json\" class=\"yoast-schema-graph\">{\"@context\":\"https:\\\/\\\/schema.org\",\"@graph\":[{\"@type\":\"WebPage\",\"@id\":\"https:\\\/\\\/dzpecinci.rs\\\/wordpress\\\/organi-doma-zdravlja\\\/\",\"url\":\"https:\\\/\\\/dzpecinci.rs\\\/wordpress\\\/organi-doma-zdravlja\\\/\",\"name\":\"\u041e\u0440\u0433\u0430\u043d\u0438 \u0434\u043e\u043c\u0430 \u0437\u0434\u0440\u0430\u0432\u0459\u0430 - Dom zdravlja &quot;Dr Dragan Funduk&quot; Pe\u0107inci\",\"isPartOf\":{\"@id\":\"https:\\\/\\\/dzpecinci.rs\\\/wordpress\\\/#website\"},\"datePublished\":\"2023-07-19T06:07:24+00:00\",\"dateModified\":\"2025-09-18T09:37:57+00:00\",\"breadcrumb\":{\"@id\":\"https:\\\/\\\/dzpecinci.rs\\\/wordpress\\\/organi-doma-zdravlja\\\/#breadcrumb\"},\"inLanguage\":\"sr-RS\",\"potentialAction\":[{\"@type\":\"ReadAction\",\"target\":[\"https:\\\/\\\/dzpecinci.rs\\\/wordpress\\\/organi-doma-zdravlja\\\/\"]}]},{\"@type\":\"BreadcrumbList\",\"@id\":\"https:\\\/\\\/dzpecinci.rs\\\/wordpress\\\/organi-doma-zdravlja\\\/#breadcrumb\",\"itemListElement\":[{\"@type\":\"ListItem\",\"position\":1,\"name\":\"Home\",\"item\":\"https:\\\/\\\/dzpecinci.rs\\\/wordpress\\\/\"},{\"@type\":\"ListItem\",\"position\":2,\"name\":\"\u041e\u0440\u0433\u0430\u043d\u0438 \u0434\u043e\u043c\u0430 \u0437\u0434\u0440\u0430\u0432\u0459\u0430\"}]},{\"@type\":\"WebSite\",\"@id\":\"https:\\\/\\\/dzpecinci.rs\\\/wordpress\\\/#website\",\"url\":\"https:\\\/\\\/dzpecinci.rs\\\/wordpress\\\/\",\"name\":\"\u0414\u043e\u043c \u0437\u0434\u0440\u0430\u0432\u0459\u0430 \\\"\u0414\u0440 \u0414\u0440\u0430\u0433\u0430\u043d \u0424\u0443\u043d\u0434\u0443\u043a\\\" \u041f\u0435\u045b\u0438\u043d\u0446\u0438\",\"description\":\"Informacije i aktuelnosti u vezi Doma zdravlja &quot;Dr Dragan Funduk&quot; Pe\u0107icni\",\"publisher\":{\"@id\":\"https:\\\/\\\/dzpecinci.rs\\\/wordpress\\\/#organization\"},\"potentialAction\":[{\"@type\":\"SearchAction\",\"target\":{\"@type\":\"EntryPoint\",\"urlTemplate\":\"https:\\\/\\\/dzpecinci.rs\\\/wordpress\\\/?s={search_term_string}\"},\"query-input\":{\"@type\":\"PropertyValueSpecification\",\"valueRequired\":true,\"valueName\":\"search_term_string\"}}],\"inLanguage\":\"sr-RS\"},{\"@type\":\"Organization\",\"@id\":\"https:\\\/\\\/dzpecinci.rs\\\/wordpress\\\/#organization\",\"name\":\"\u0414\u043e\u043c \u0437\u0434\u0440\u0430\u0432\u0459\u0430 \\\"\u0414\u0440 \u0414\u0440\u0430\u0433\u0430\u043d \u0424\u0443\u043d\u0434\u0443\u043a\\\" \u041f\u0435\u045b\u0438\u043d\u0446\u0438\",\"url\":\"https:\\\/\\\/dzpecinci.rs\\\/wordpress\\\/\",\"logo\":{\"@type\":\"ImageObject\",\"inLanguage\":\"sr-RS\",\"@id\":\"https:\\\/\\\/dzpecinci.rs\\\/wordpress\\\/#\\\/schema\\\/logo\\\/image\\\/\",\"url\":\"https:\\\/\\\/dzpecinci.rs\\\/wordpress\\\/wp-content\\\/uploads\\\/2023\\\/08\\\/logo2.png\",\"contentUrl\":\"https:\\\/\\\/dzpecinci.rs\\\/wordpress\\\/wp-content\\\/uploads\\\/2023\\\/08\\\/logo2.png\",\"width\":512,\"height\":512,\"caption\":\"\u0414\u043e\u043c \u0437\u0434\u0440\u0430\u0432\u0459\u0430 \\\"\u0414\u0440 \u0414\u0440\u0430\u0433\u0430\u043d \u0424\u0443\u043d\u0434\u0443\u043a\\\" \u041f\u0435\u045b\u0438\u043d\u0446\u0438\"},\"image\":{\"@id\":\"https:\\\/\\\/dzpecinci.rs\\\/wordpress\\\/#\\\/schema\\\/logo\\\/image\\\/\"}}]}<\/script>\n<!-- \/ Yoast SEO plugin. -->","yoast_head_json":{"title":"Organi doma zdravlja - Dom zdravlja &quot;Dr Dragan Funduk&quot; Pe\u0107inci","robots":{"index":"index","follow":"follow","max-snippet":"max-snippet:-1","max-image-preview":"max-image-preview:large","max-video-preview":"max-video-preview:-1"},"canonical":"https:\/\/dzpecinci.rs\/wordpress\/organi-doma-zdravlja\/","og_locale":"sr_RS","og_type":"article","og_title":"Organi doma zdravlja - Dom zdravlja &quot;Dr Dragan Funduk&quot; Pe\u0107inci","og_description":"Upravni odbor Upravni odbor ima tri \u010dlana, od kojih je jedan \u010dlan iz reda zaposlenih u Domu zdravlja \u201eDr Dragan Funduk\u201c Pe\u0107inci, a dva \u010dlana su predstavnici oniva\u010da. Upravni odbor se imenuje na period od \u010detiri godine. Upravni odbor vr\u0161i slede\u0107e poslove: donosi statut Doma zdravlja \u201eDr Dragan Funduk\u201c Pe\u0107inci, uz saglasnost osniva\u010da; donosi druge [&hellip;]","og_url":"https:\/\/dzpecinci.rs\/wordpress\/organi-doma-zdravlja\/","og_site_name":"Dom zdravlja &quot;Dr Dragan Funduk&quot; Pe\u0107inci","article_modified_time":"2025-09-18T09:37:57+00:00","twitter_card":"summary_large_image","schema":{"@context":"https:\/\/schema.org","@graph":[{"@type":"WebPage","@id":"https:\/\/dzpecinci.rs\/wordpress\/organi-doma-zdravlja\/","url":"https:\/\/dzpecinci.rs\/wordpress\/organi-doma-zdravlja\/","name":"Organi doma zdravlja - Dom zdravlja &quot;Dr Dragan Funduk&quot; Pe\u0107inci","isPartOf":{"@id":"https:\/\/dzpecinci.rs\/wordpress\/#website"},"datePublished":"2023-07-19T06:07:24+00:00","dateModified":"2025-09-18T09:37:57+00:00","breadcrumb":{"@id":"https:\/\/dzpecinci.rs\/wordpress\/organi-doma-zdravlja\/#breadcrumb"},"inLanguage":"sr-RS","potentialAction":[{"@type":"ReadAction","target":["https:\/\/dzpecinci.rs\/wordpress\/organi-doma-zdravlja\/"]}]},{"@type":"BreadcrumbList","@id":"https:\/\/dzpecinci.rs\/wordpress\/organi-doma-zdravlja\/#breadcrumb","itemListElement":[{"@type":"ListItem","position":1,"name":"Home","item":"https:\/\/dzpecinci.rs\/wordpress\/"},{"@type":"ListItem","position":2,"name":"Organi doma zdravlja"}]},{"@type":"WebSite","@id":"https:\/\/dzpecinci.rs\/wordpress\/#website","url":"https:\/\/dzpecinci.rs\/wordpress\/","name":"Dom zdravlja \"Dr Dragan Funduk\" Pe\u0107inci","description":"Informacije i aktuelnosti u vezi Doma zdravlja &quot;Dr Dragan Funduk&quot; Pe\u0107icni","publisher":{"@id":"https:\/\/dzpecinci.rs\/wordpress\/#organization"},"potentialAction":[{"@type":"SearchAction","target":{"@type":"EntryPoint","urlTemplate":"https:\/\/dzpecinci.rs\/wordpress\/?s={search_term_string}"},"query-input":{"@type":"PropertyValueSpecification","valueRequired":true,"valueName":"search_term_string"}}],"inLanguage":"sr-RS"},{"@type":"Organization","@id":"https:\/\/dzpecinci.rs\/wordpress\/#organization","name":"Dom zdravlja \"Dr Dragan Funduk\" Pe\u0107inci","url":"https:\/\/dzpecinci.rs\/wordpress\/","logo":{"@type":"ImageObject","inLanguage":"sr-RS","@id":"https:\/\/dzpecinci.rs\/wordpress\/#\/schema\/logo\/image\/","url":"https:\/\/dzpecinci.rs\/wordpress\/wp-content\/uploads\/2023\/08\/logo2.png","contentUrl":"https:\/\/dzpecinci.rs\/wordpress\/wp-content\/uploads\/2023\/08\/logo2.png","width":512,"height":512,"caption":"Dom zdravlja \"Dr Dragan Funduk\" Pe\u0107inci"},"image":{"@id":"https:\/\/dzpecinci.rs\/wordpress\/#\/schema\/logo\/image\/"}}]}},"rttpg_featured_image_url":null,"rttpg_author":{"display_name":"admin","author_link":"https:\/\/dzpecinci.rs\/wordpress\/author\/domzdravlja-pecinci_npmn7gpz\/"},"rttpg_comment":0,"rttpg_category":null,"rttpg_excerpt":"Upravni odbor Upravni odbor ima tri \u010dlana, od kojih je jedan \u010dlan iz reda zaposlenih u Domu zdravlja \u201eDr Dragan Funduk\u201c Pe\u0107inci, a dva \u010dlana su predstavnici oniva\u010da. Upravni odbor se imenuje na period od \u010detiri godine. Upravni odbor vr\u0161i slede\u0107e poslove: donosi statut Doma zdravlja \u201eDr Dragan Funduk\u201c Pe\u0107inci, uz saglasnost osniva\u010da; donosi druge&hellip;","_links":{"self":[{"href":"https:\/\/dzpecinci.rs\/wordpress\/wp-json\/wp\/v2\/pages\/480","targetHints":{"allow":["GET"]}}],"collection":[{"href":"https:\/\/dzpecinci.rs\/wordpress\/wp-json\/wp\/v2\/pages"}],"about":[{"href":"https:\/\/dzpecinci.rs\/wordpress\/wp-json\/wp\/v2\/types\/page"}],"author":[{"embeddable":true,"href":"https:\/\/dzpecinci.rs\/wordpress\/wp-json\/wp\/v2\/users\/1"}],"replies":[{"embeddable":true,"href":"https:\/\/dzpecinci.rs\/wordpress\/wp-json\/wp\/v2\/comments?post=480"}],"version-history":[{"count":0,"href":"https:\/\/dzpecinci.rs\/wordpress\/wp-json\/wp\/v2\/pages\/480\/revisions"}],"wp:attachment":[{"href":"https:\/\/dzpecinci.rs\/wordpress\/wp-json\/wp\/v2\/media?parent=480"}],"curies":[{"name":"wp","href":"https:\/\/api.w.org\/{rel}","templated":true}]}}