{"id":531,"date":"2023-07-19T06:49:52","date_gmt":"2023-07-19T06:49:52","guid":{"rendered":"https:\/\/dzpecinci.rs\/wordpress\/?page_id=531"},"modified":"2025-10-27T13:35:04","modified_gmt":"2025-10-27T11:35:04","slug":"interna-medicina","status":"publish","type":"page","link":"https:\/\/dzpecinci.rs\/wordpress\/interna-medicina\/","title":{"rendered":"Interna medicina"},"content":{"rendered":"\t\t<div data-elementor-type=\"wp-page\" data-elementor-id=\"531\" class=\"elementor elementor-531\">\n\t\t\t\t<div class=\"elementor-element elementor-element-040495d e-flex e-con-boxed e-con e-parent\" data-id=\"040495d\" data-element_type=\"container\" data-e-type=\"container\">\n\t\t\t\t\t<div class=\"e-con-inner\">\n\t\t\t\t<div class=\"elementor-element elementor-element-bf23177 elementor-widget elementor-widget-text-editor\" data-id=\"bf23177\" data-element_type=\"widget\" data-e-type=\"widget\" data-widget_type=\"text-editor.default\">\n\t\t\t\t<div class=\"elementor-widget-container\">\n\t\t\t\t\t\t\t\t\t<p>Slu\u017eba interne medicine bavi se prevencijom hroni\u010dnih nezaraznih bolesti kardiovaskularnog sistema i kontrolom i pra\u0107enjem pacijenata obolelih od dijabetesa. U slu\u017ebi se obaljaju internisti\u010dki prvi i kontrolni pregledi, kardiolo\u0161ki pregledi, radi se EKG, vr\u0161i se upu\u0107ivanje pacijenata na dopunske laboratorijske i druge specijalisti\u010dke preglede, a tako\u0111e se radi i ultrazvuk srca. Osim toga, u slu\u017ebi se rade i preoperativne pripreme pacijenata.<\/p>\t\t\t\t\t\t\t\t<\/div>\n\t\t\t\t<\/div>\n\t\t<div class=\"elementor-element elementor-element-978c9fe e-flex e-con-boxed e-con e-child\" data-id=\"978c9fe\" data-element_type=\"container\" data-e-type=\"container\">\n\t\t\t\t\t<div class=\"e-con-inner\">\n\t\t\t\t<div class=\"elementor-element elementor-element-3d09eb1 elementor-widget__width-initial elementor-widget-tablet__width-inherit elementor-view-default elementor-position-block-start elementor-mobile-position-block-start elementor-widget elementor-widget-icon-box\" data-id=\"3d09eb1\" data-element_type=\"widget\" data-e-type=\"widget\" data-widget_type=\"icon-box.default\">\n\t\t\t\t<div class=\"elementor-widget-container\">\n\t\t\t\t\t\t\t<div class=\"elementor-icon-box-wrapper\">\n\n\t\t\t\t\t\t<div class=\"elementor-icon-box-icon\">\n\t\t\t\t<span  class=\"elementor-icon\">\n\t\t\t\t<i aria-hidden=\"true\" class=\"icon icon-doctor\"><\/i>\t\t\t\t<\/span>\n\t\t\t<\/div>\n\t\t\t\n\t\t\t\t\t\t<div class=\"elementor-icon-box-content\">\n\n\t\t\t\t\t\t\t\t\t<h3 class=\"elementor-icon-box-title\">\n\t\t\t\t\t\t<span  >\n\t\t\t\t\t\t\tZaposleni\t\t\t\t\t\t<\/span>\n\t\t\t\t\t<\/h3>\n\t\t\t\t\n\t\t\t\t\t\t\t\t\t<p class=\"elementor-icon-box-description\">\n\t\t\t\t\t\tDr Zoran Pe\u0161i\u0107, spec. interne medicine<br>\nMedicinska sestra Sne\u017eana Jovi\u010di\u0107<br>\t\t\t\t\t<\/p>\n\t\t\t\t\n\t\t\t<\/div>\n\t\t\t\n\t\t<\/div>\n\t\t\t\t\t\t<\/div>\n\t\t\t\t<\/div>\n\t\t\t\t<div class=\"elementor-element elementor-element-aa927cb elementor-widget__width-initial elementor-widget-tablet__width-inherit elementor-view-default elementor-position-block-start elementor-mobile-position-block-start elementor-widget elementor-widget-icon-box\" data-id=\"aa927cb\" data-element_type=\"widget\" data-e-type=\"widget\" data-widget_type=\"icon-box.default\">\n\t\t\t\t<div class=\"elementor-widget-container\">\n\t\t\t\t\t\t\t<div class=\"elementor-icon-box-wrapper\">\n\n\t\t\t\t\t\t<div class=\"elementor-icon-box-icon\">\n\t\t\t\t<span  class=\"elementor-icon\">\n\t\t\t\t<i aria-hidden=\"true\" class=\"icon icon-clock11\"><\/i>\t\t\t\t<\/span>\n\t\t\t<\/div>\n\t\t\t\n\t\t\t\t\t\t<div class=\"elementor-icon-box-content\">\n\n\t\t\t\t\t\t\t\t\t<h3 class=\"elementor-icon-box-title\">\n\t\t\t\t\t\t<span  >\n\t\t\t\t\t\t\tRadno vreme\t\t\t\t\t\t<\/span>\n\t\t\t\t\t<\/h3>\n\t\t\t\t\n\t\t\t\t\t\t\t\t\t<p class=\"elementor-icon-box-description\">\n\t\t\t\t\t\tUtorak: 07:00-09:00; 12:00-14:00<br>\nSreda: 07:00-09:00; 12:00-14:00<br>\nPetak: 07:00-09:00; 12:00-14:00<br>\n\t\t\t\t\t<\/p>\n\t\t\t\t\n\t\t\t<\/div>\n\t\t\t\n\t\t<\/div>\n\t\t\t\t\t\t<\/div>\n\t\t\t\t<\/div>\n\t\t\t\t<div class=\"elementor-element elementor-element-fff8937 elementor-widget__width-initial elementor-widget-tablet__width-inherit elementor-view-default elementor-position-block-start elementor-mobile-position-block-start elementor-widget elementor-widget-icon-box\" data-id=\"fff8937\" data-element_type=\"widget\" data-e-type=\"widget\" data-widget_type=\"icon-box.default\">\n\t\t\t\t<div class=\"elementor-widget-container\">\n\t\t\t\t\t\t\t<div class=\"elementor-icon-box-wrapper\">\n\n\t\t\t\t\t\t<div class=\"elementor-icon-box-icon\">\n\t\t\t\t<span  class=\"elementor-icon\">\n\t\t\t\t<i aria-hidden=\"true\" class=\"icon icon-phone-handset\"><\/i>\t\t\t\t<\/span>\n\t\t\t<\/div>\n\t\t\t\n\t\t\t\t\t\t<div class=\"elementor-icon-box-content\">\n\n\t\t\t\t\t\t\t\t\t<h3 class=\"elementor-icon-box-title\">\n\t\t\t\t\t\t<span  >\n\t\t\t\t\t\t\tKontakt\t\t\t\t\t\t<\/span>\n\t\t\t\t\t<\/h3>\n\t\t\t\t\n\t\t\t\t\t\t\t\t\t<p class=\"elementor-icon-box-description\">\n\t\t\t\t\t\t022\/215-22-09\t\t\t\t\t<\/p>\n\t\t\t\t\n\t\t\t<\/div>\n\t\t\t\n\t\t<\/div>\n\t\t\t\t\t\t<\/div>\n\t\t\t\t<\/div>\n\t\t\t\t\t<\/div>\n\t\t\t\t<\/div>\n\t\t\t\t<div class=\"elementor-element elementor-element-9ec2cd7 elementor-arrows-position-outside elementor-pagination-position-outside elementor-widget elementor-widget-image-carousel\" data-id=\"9ec2cd7\" data-element_type=\"widget\" data-e-type=\"widget\" data-settings=\"{&quot;slides_to_show&quot;:&quot;1&quot;,&quot;navigation&quot;:&quot;both&quot;,&quot;autoplay&quot;:&quot;yes&quot;,&quot;pause_on_hover&quot;:&quot;yes&quot;,&quot;pause_on_interaction&quot;:&quot;yes&quot;,&quot;autoplay_speed&quot;:5000,&quot;infinite&quot;:&quot;yes&quot;,&quot;effect&quot;:&quot;slide&quot;,&quot;speed&quot;:500}\" data-widget_type=\"image-carousel.default\">\n\t\t\t\t<div class=\"elementor-widget-container\">\n\t\t\t\t\t\t\t<div class=\"elementor-image-carousel-wrapper swiper\" role=\"region\" aria-roledescription=\"carousel\" aria-label=\"Image Carousel\" dir=\"ltr\">\n\t\t\t<div class=\"elementor-image-carousel swiper-wrapper\" aria-live=\"off\">\n\t\t\t\t\t\t\t\t<div class=\"swiper-slide\" role=\"group\" aria-roledescription=\"slide\" aria-label=\"1 of 1\"><a data-elementor-open-lightbox=\"yes\" data-elementor-lightbox-slideshow=\"9ec2cd7\" data-e-action-hash=\"#elementor-action%3Aaction%3Dlightbox%26settings%3DeyJpZCI6MjEzOSwidXJsIjoiaHR0cHM6XC9cL2R6cGVjaW5jaS5yc1wvd29yZHByZXNzXC93cC1jb250ZW50XC91cGxvYWRzXC8yMDI0XC8wNFwvaW50ZXJuby5qcGciLCJzbGlkZXNob3ciOiI5ZWMyY2Q3In0%3D\" href=\"https:\/\/dzpecinci.rs\/wordpress\/wp-content\/uploads\/2024\/04\/interno.jpg\"><figure class=\"swiper-slide-inner\"><img decoding=\"async\" class=\"swiper-slide-image\" src=\"https:\/\/dzpecinci.rs\/wordpress\/wp-content\/uploads\/2024\/04\/interno-300x169.jpg\" alt=\"interno\" \/><\/figure><\/a><\/div>\t\t\t<\/div>\n\t\t\t\t\t<\/div>\n\t\t\t\t\t\t<\/div>\n\t\t\t\t<\/div>\n\t\t\t\t\t<\/div>\n\t\t\t\t<\/div>\n\t\t\t\t<\/div>\n\t\t","protected":false},"excerpt":{"rendered":"<p>Slu\u017eba interne medicine bavi se prevencijom hroni\u010dnih nezaraznih bolesti kardiovaskularnog sistema i kontrolom i pra\u0107enjem pacijenata obolelih od dijabetesa. U slu\u017ebi se obaljaju internisti\u010dki prvi i kontrolni pregledi, kardiolo\u0161ki pregledi, radi se EKG, vr\u0161i se upu\u0107ivanje pacijenata na dopunske laboratorijske i druge specijalisti\u010dke preglede, a tako\u0111e se radi i ultrazvuk srca. Osim toga, u slu\u017ebi [&hellip;]<\/p>\n","protected":false},"author":1,"featured_media":0,"parent":0,"menu_order":0,"comment_status":"closed","ping_status":"closed","template":"","meta":{"_eb_attr":"","footnotes":""},"class_list":["post-531","page","type-page","status-publish","hentry"],"blocksy_meta":[],"yoast_head":"<!-- This site is optimized with the Yoast SEO plugin v27.5 - https:\/\/yoast.com\/product\/yoast-seo-wordpress\/ -->\n<title>Interna medicina - Dom zdravlja &quot;Dr Dragan Funduk&quot; Pe\u0107inci<\/title>\n<meta name=\"description\" content=\"Slu\u017eba interne medicine se bavi prevencijom hroni\u010dnih bolesti kardiovaskularnog sistema i kontrolom i pra\u0107enjem pacijenata obolelih od dijabetesa.\" \/>\n<meta name=\"robots\" content=\"index, follow, max-snippet:-1, max-image-preview:large, max-video-preview:-1\" \/>\n<link rel=\"canonical\" href=\"https:\/\/dzpecinci.rs\/wordpress\/interna-medicina\/\" \/>\n<meta property=\"og:locale\" content=\"sr_RS\" \/>\n<meta property=\"og:type\" content=\"article\" \/>\n<meta property=\"og:title\" content=\"Interna medicina - Dom zdravlja &quot;Dr Dragan Funduk&quot; Pe\u0107inci\" \/>\n<meta property=\"og:description\" content=\"Slu\u017eba interne medicine se bavi prevencijom hroni\u010dnih bolesti kardiovaskularnog sistema i kontrolom i pra\u0107enjem pacijenata obolelih od dijabetesa.\" \/>\n<meta property=\"og:url\" content=\"https:\/\/dzpecinci.rs\/wordpress\/interna-medicina\/\" \/>\n<meta property=\"og:site_name\" content=\"Dom zdravlja &quot;Dr Dragan Funduk&quot; Pe\u0107inci\" \/>\n<meta property=\"article:modified_time\" content=\"2025-10-27T11:35:04+00:00\" \/>\n<meta property=\"og:image\" content=\"https:\/\/dzpecinci.rs\/wordpress\/wp-content\/uploads\/2024\/04\/interno-300x169.jpg\" \/>\n<meta name=\"twitter:card\" content=\"summary_large_image\" \/>\n<meta name=\"twitter:label1\" content=\"Procenjeno vreme \u010ditanja\" \/>\n\t<meta name=\"twitter:data1\" content=\"1 minut\" \/>\n<script type=\"application\/ld+json\" class=\"yoast-schema-graph\">{\"@context\":\"https:\\\/\\\/schema.org\",\"@graph\":[{\"@type\":\"WebPage\",\"@id\":\"https:\\\/\\\/dzpecinci.rs\\\/wordpress\\\/interna-medicina\\\/\",\"url\":\"https:\\\/\\\/dzpecinci.rs\\\/wordpress\\\/interna-medicina\\\/\",\"name\":\"\u0418\u043d\u0442\u0435\u0440\u043d\u0430 \u043c\u0435\u0434\u0438\u0446\u0438\u043d\u0430 - Dom zdravlja &quot;Dr Dragan Funduk&quot; Pe\u0107inci\",\"isPartOf\":{\"@id\":\"https:\\\/\\\/dzpecinci.rs\\\/wordpress\\\/#website\"},\"primaryImageOfPage\":{\"@id\":\"https:\\\/\\\/dzpecinci.rs\\\/wordpress\\\/interna-medicina\\\/#primaryimage\"},\"image\":{\"@id\":\"https:\\\/\\\/dzpecinci.rs\\\/wordpress\\\/interna-medicina\\\/#primaryimage\"},\"thumbnailUrl\":\"https:\\\/\\\/dzpecinci.rs\\\/wordpress\\\/wp-content\\\/uploads\\\/2024\\\/04\\\/interno-300x169.jpg\",\"datePublished\":\"2023-07-19T06:49:52+00:00\",\"dateModified\":\"2025-10-27T11:35:04+00:00\",\"description\":\"\u0421\u043b\u0443\u0436\u0431\u0430 \u0438\u043d\u0442\u0435\u0440\u043d\u0435 \u043c\u0435\u0434\u0438\u0446\u0438\u043d\u0435 \u0441\u0435 \u0431\u0430\u0432\u0438 \u043f\u0440\u0435\u0432\u0435\u043d\u0446\u0438\u0458\u043e\u043c \u0445\u0440\u043e\u043d\u0438\u0447\u043d\u0438\u0445 \u0431\u043e\u043b\u0435\u0441\u0442\u0438 \u043a\u0430\u0440\u0434\u0438\u043e\u0432\u0430\u0441\u043a\u0443\u043b\u0430\u0440\u043d\u043e\u0433 \u0441\u0438\u0441\u0442\u0435\u043c\u0430 \u0438 \u043a\u043e\u043d\u0442\u0440\u043e\u043b\u043e\u043c \u0438 \u043f\u0440\u0430\u045b\u0435\u045a\u0435\u043c \u043f\u0430\u0446\u0438\u0458\u0435\u043d\u0430\u0442\u0430 \u043e\u0431\u043e\u043b\u0435\u043b\u0438\u0445 \u043e\u0434 \u0434\u0438\u0458\u0430\u0431\u0435\u0442\u0435\u0441\u0430.\",\"breadcrumb\":{\"@id\":\"https:\\\/\\\/dzpecinci.rs\\\/wordpress\\\/interna-medicina\\\/#breadcrumb\"},\"inLanguage\":\"sr-RS\",\"potentialAction\":[{\"@type\":\"ReadAction\",\"target\":[\"https:\\\/\\\/dzpecinci.rs\\\/wordpress\\\/interna-medicina\\\/\"]}]},{\"@type\":\"ImageObject\",\"inLanguage\":\"sr-RS\",\"@id\":\"https:\\\/\\\/dzpecinci.rs\\\/wordpress\\\/interna-medicina\\\/#primaryimage\",\"url\":\"https:\\\/\\\/dzpecinci.rs\\\/wordpress\\\/wp-content\\\/uploads\\\/2024\\\/04\\\/interno.jpg\",\"contentUrl\":\"https:\\\/\\\/dzpecinci.rs\\\/wordpress\\\/wp-content\\\/uploads\\\/2024\\\/04\\\/interno.jpg\",\"width\":1920,\"height\":1080,\"caption\":\"interno\"},{\"@type\":\"BreadcrumbList\",\"@id\":\"https:\\\/\\\/dzpecinci.rs\\\/wordpress\\\/interna-medicina\\\/#breadcrumb\",\"itemListElement\":[{\"@type\":\"ListItem\",\"position\":1,\"name\":\"Home\",\"item\":\"https:\\\/\\\/dzpecinci.rs\\\/wordpress\\\/\"},{\"@type\":\"ListItem\",\"position\":2,\"name\":\"\u0418\u043d\u0442\u0435\u0440\u043d\u0430 \u043c\u0435\u0434\u0438\u0446\u0438\u043d\u0430\"}]},{\"@type\":\"WebSite\",\"@id\":\"https:\\\/\\\/dzpecinci.rs\\\/wordpress\\\/#website\",\"url\":\"https:\\\/\\\/dzpecinci.rs\\\/wordpress\\\/\",\"name\":\"\u0414\u043e\u043c \u0437\u0434\u0440\u0430\u0432\u0459\u0430 \\\"\u0414\u0440 \u0414\u0440\u0430\u0433\u0430\u043d \u0424\u0443\u043d\u0434\u0443\u043a\\\" \u041f\u0435\u045b\u0438\u043d\u0446\u0438\",\"description\":\"Informacije i aktuelnosti u vezi Doma zdravlja &quot;Dr Dragan Funduk&quot; Pe\u0107icni\",\"publisher\":{\"@id\":\"https:\\\/\\\/dzpecinci.rs\\\/wordpress\\\/#organization\"},\"potentialAction\":[{\"@type\":\"SearchAction\",\"target\":{\"@type\":\"EntryPoint\",\"urlTemplate\":\"https:\\\/\\\/dzpecinci.rs\\\/wordpress\\\/?s={search_term_string}\"},\"query-input\":{\"@type\":\"PropertyValueSpecification\",\"valueRequired\":true,\"valueName\":\"search_term_string\"}}],\"inLanguage\":\"sr-RS\"},{\"@type\":\"Organization\",\"@id\":\"https:\\\/\\\/dzpecinci.rs\\\/wordpress\\\/#organization\",\"name\":\"\u0414\u043e\u043c \u0437\u0434\u0440\u0430\u0432\u0459\u0430 \\\"\u0414\u0440 \u0414\u0440\u0430\u0433\u0430\u043d \u0424\u0443\u043d\u0434\u0443\u043a\\\" \u041f\u0435\u045b\u0438\u043d\u0446\u0438\",\"url\":\"https:\\\/\\\/dzpecinci.rs\\\/wordpress\\\/\",\"logo\":{\"@type\":\"ImageObject\",\"inLanguage\":\"sr-RS\",\"@id\":\"https:\\\/\\\/dzpecinci.rs\\\/wordpress\\\/#\\\/schema\\\/logo\\\/image\\\/\",\"url\":\"https:\\\/\\\/dzpecinci.rs\\\/wordpress\\\/wp-content\\\/uploads\\\/2023\\\/08\\\/logo2.png\",\"contentUrl\":\"https:\\\/\\\/dzpecinci.rs\\\/wordpress\\\/wp-content\\\/uploads\\\/2023\\\/08\\\/logo2.png\",\"width\":512,\"height\":512,\"caption\":\"\u0414\u043e\u043c \u0437\u0434\u0440\u0430\u0432\u0459\u0430 \\\"\u0414\u0440 \u0414\u0440\u0430\u0433\u0430\u043d \u0424\u0443\u043d\u0434\u0443\u043a\\\" \u041f\u0435\u045b\u0438\u043d\u0446\u0438\"},\"image\":{\"@id\":\"https:\\\/\\\/dzpecinci.rs\\\/wordpress\\\/#\\\/schema\\\/logo\\\/image\\\/\"}}]}<\/script>\n<!-- \/ Yoast SEO plugin. -->","yoast_head_json":{"title":"Interna medicina - Dom zdravlja &quot;Dr Dragan Funduk&quot; Pe\u0107inci","description":"Slu\u017eba interne medicine se bavi prevencijom hroni\u010dnih bolesti kardiovaskularnog sistema i kontrolom i pra\u0107enjem pacijenata obolelih od dijabetesa.","robots":{"index":"index","follow":"follow","max-snippet":"max-snippet:-1","max-image-preview":"max-image-preview:large","max-video-preview":"max-video-preview:-1"},"canonical":"https:\/\/dzpecinci.rs\/wordpress\/interna-medicina\/","og_locale":"sr_RS","og_type":"article","og_title":"Interna medicina - Dom zdravlja &quot;Dr Dragan Funduk&quot; Pe\u0107inci","og_description":"Slu\u017eba interne medicine se bavi prevencijom hroni\u010dnih bolesti kardiovaskularnog sistema i kontrolom i pra\u0107enjem pacijenata obolelih od dijabetesa.","og_url":"https:\/\/dzpecinci.rs\/wordpress\/interna-medicina\/","og_site_name":"Dom zdravlja &quot;Dr Dragan Funduk&quot; Pe\u0107inci","article_modified_time":"2025-10-27T11:35:04+00:00","og_image":[{"url":"https:\/\/dzpecinci.rs\/wordpress\/wp-content\/uploads\/2024\/04\/interno-300x169.jpg","type":"","width":"","height":""}],"twitter_card":"summary_large_image","twitter_misc":{"Procenjeno vreme \u010ditanja":"1 minut"},"schema":{"@context":"https:\/\/schema.org","@graph":[{"@type":"WebPage","@id":"https:\/\/dzpecinci.rs\/wordpress\/interna-medicina\/","url":"https:\/\/dzpecinci.rs\/wordpress\/interna-medicina\/","name":"Interna medicina - Dom zdravlja &quot;Dr Dragan Funduk&quot; Pe\u0107inci","isPartOf":{"@id":"https:\/\/dzpecinci.rs\/wordpress\/#website"},"primaryImageOfPage":{"@id":"https:\/\/dzpecinci.rs\/wordpress\/interna-medicina\/#primaryimage"},"image":{"@id":"https:\/\/dzpecinci.rs\/wordpress\/interna-medicina\/#primaryimage"},"thumbnailUrl":"https:\/\/dzpecinci.rs\/wordpress\/wp-content\/uploads\/2024\/04\/interno-300x169.jpg","datePublished":"2023-07-19T06:49:52+00:00","dateModified":"2025-10-27T11:35:04+00:00","description":"Slu\u017eba interne medicine se bavi prevencijom hroni\u010dnih bolesti kardiovaskularnog sistema i kontrolom i pra\u0107enjem pacijenata obolelih od dijabetesa.","breadcrumb":{"@id":"https:\/\/dzpecinci.rs\/wordpress\/interna-medicina\/#breadcrumb"},"inLanguage":"sr-RS","potentialAction":[{"@type":"ReadAction","target":["https:\/\/dzpecinci.rs\/wordpress\/interna-medicina\/"]}]},{"@type":"ImageObject","inLanguage":"sr-RS","@id":"https:\/\/dzpecinci.rs\/wordpress\/interna-medicina\/#primaryimage","url":"https:\/\/dzpecinci.rs\/wordpress\/wp-content\/uploads\/2024\/04\/interno.jpg","contentUrl":"https:\/\/dzpecinci.rs\/wordpress\/wp-content\/uploads\/2024\/04\/interno.jpg","width":1920,"height":1080,"caption":"interno"},{"@type":"BreadcrumbList","@id":"https:\/\/dzpecinci.rs\/wordpress\/interna-medicina\/#breadcrumb","itemListElement":[{"@type":"ListItem","position":1,"name":"Home","item":"https:\/\/dzpecinci.rs\/wordpress\/"},{"@type":"ListItem","position":2,"name":"Interna medicina"}]},{"@type":"WebSite","@id":"https:\/\/dzpecinci.rs\/wordpress\/#website","url":"https:\/\/dzpecinci.rs\/wordpress\/","name":"Dom zdravlja \"Dr Dragan Funduk\" Pe\u0107inci","description":"Informacije i aktuelnosti u vezi Doma zdravlja &quot;Dr Dragan Funduk&quot; Pe\u0107icni","publisher":{"@id":"https:\/\/dzpecinci.rs\/wordpress\/#organization"},"potentialAction":[{"@type":"SearchAction","target":{"@type":"EntryPoint","urlTemplate":"https:\/\/dzpecinci.rs\/wordpress\/?s={search_term_string}"},"query-input":{"@type":"PropertyValueSpecification","valueRequired":true,"valueName":"search_term_string"}}],"inLanguage":"sr-RS"},{"@type":"Organization","@id":"https:\/\/dzpecinci.rs\/wordpress\/#organization","name":"Dom zdravlja \"Dr Dragan Funduk\" Pe\u0107inci","url":"https:\/\/dzpecinci.rs\/wordpress\/","logo":{"@type":"ImageObject","inLanguage":"sr-RS","@id":"https:\/\/dzpecinci.rs\/wordpress\/#\/schema\/logo\/image\/","url":"https:\/\/dzpecinci.rs\/wordpress\/wp-content\/uploads\/2023\/08\/logo2.png","contentUrl":"https:\/\/dzpecinci.rs\/wordpress\/wp-content\/uploads\/2023\/08\/logo2.png","width":512,"height":512,"caption":"Dom zdravlja \"Dr Dragan Funduk\" Pe\u0107inci"},"image":{"@id":"https:\/\/dzpecinci.rs\/wordpress\/#\/schema\/logo\/image\/"}}]}},"rttpg_featured_image_url":null,"rttpg_author":{"display_name":"admin","author_link":"https:\/\/dzpecinci.rs\/wordpress\/author\/domzdravlja-pecinci_npmn7gpz\/"},"rttpg_comment":0,"rttpg_category":null,"rttpg_excerpt":"Slu\u017eba interne medicine bavi se prevencijom hroni\u010dnih nezaraznih bolesti kardiovaskularnog sistema i kontrolom i pra\u0107enjem pacijenata obolelih od dijabetesa. U slu\u017ebi se obaljaju internisti\u010dki prvi i kontrolni pregledi, kardiolo\u0161ki pregledi, radi se EKG, vr\u0161i se upu\u0107ivanje pacijenata na dopunske laboratorijske i druge specijalisti\u010dke preglede, a tako\u0111e se radi i ultrazvuk srca. Osim toga, u slu\u017ebi&hellip;","_links":{"self":[{"href":"https:\/\/dzpecinci.rs\/wordpress\/wp-json\/wp\/v2\/pages\/531","targetHints":{"allow":["GET"]}}],"collection":[{"href":"https:\/\/dzpecinci.rs\/wordpress\/wp-json\/wp\/v2\/pages"}],"about":[{"href":"https:\/\/dzpecinci.rs\/wordpress\/wp-json\/wp\/v2\/types\/page"}],"author":[{"embeddable":true,"href":"https:\/\/dzpecinci.rs\/wordpress\/wp-json\/wp\/v2\/users\/1"}],"replies":[{"embeddable":true,"href":"https:\/\/dzpecinci.rs\/wordpress\/wp-json\/wp\/v2\/comments?post=531"}],"version-history":[{"count":4,"href":"https:\/\/dzpecinci.rs\/wordpress\/wp-json\/wp\/v2\/pages\/531\/revisions"}],"predecessor-version":[{"id":2879,"href":"https:\/\/dzpecinci.rs\/wordpress\/wp-json\/wp\/v2\/pages\/531\/revisions\/2879"}],"wp:attachment":[{"href":"https:\/\/dzpecinci.rs\/wordpress\/wp-json\/wp\/v2\/media?parent=531"}],"curies":[{"name":"wp","href":"https:\/\/api.w.org\/{rel}","templated":true}]}}