{"id":569,"date":"2023-07-19T06:57:49","date_gmt":"2023-07-19T06:57:49","guid":{"rendered":"https:\/\/dzpecinci.rs\/wordpress\/?page_id=569"},"modified":"2025-10-27T13:45:41","modified_gmt":"2025-10-27T11:45:41","slug":"neuropsihijatrija","status":"publish","type":"page","link":"https:\/\/dzpecinci.rs\/wordpress\/neuropsihijatrija\/","title":{"rendered":"Neuropsihijatrija"},"content":{"rendered":"\t\t<div data-elementor-type=\"wp-page\" data-elementor-id=\"569\" class=\"elementor elementor-569\">\n\t\t\t\t<div class=\"elementor-element elementor-element-d90648f e-flex e-con-boxed e-con e-parent\" data-id=\"d90648f\" data-element_type=\"container\" data-e-type=\"container\">\n\t\t\t\t\t<div class=\"e-con-inner\">\n\t\t\t\t<div class=\"elementor-element elementor-element-952f7aa elementor-widget elementor-widget-text-editor\" data-id=\"952f7aa\" data-element_type=\"widget\" data-e-type=\"widget\" data-widget_type=\"text-editor.default\">\n\t\t\t\t<div class=\"elementor-widget-container\">\n\t\t\t\t\t\t\t\t\t<p>Slu\u017eba neuropsihijatrije dijagnostikuje i le\u010di psihi\u010dke smetnje, odnosno sprovodi kontinuiranu prevenciju, terapiju i rehabilitaciju poreme\u0107aja centralnog nervnog sistema uzrokovanih psihosocijalnim i biolo\u0161kim (organiskim) faktorima. Slu\u017eba se bavi preventivnim radom na suzbijanju mentalnih poreme\u0107aja i bolesti zavisnosti.<\/p>\t\t\t\t\t\t\t\t<\/div>\n\t\t\t\t<\/div>\n\t\t<div class=\"elementor-element elementor-element-07f3073 e-flex e-con-boxed e-con e-child\" data-id=\"07f3073\" data-element_type=\"container\" data-e-type=\"container\">\n\t\t\t\t\t<div class=\"e-con-inner\">\n\t\t\t\t<div class=\"elementor-element elementor-element-dd28c33 elementor-widget__width-initial elementor-widget-tablet__width-inherit elementor-view-default elementor-position-block-start elementor-mobile-position-block-start elementor-widget elementor-widget-icon-box\" data-id=\"dd28c33\" data-element_type=\"widget\" data-e-type=\"widget\" data-widget_type=\"icon-box.default\">\n\t\t\t\t<div class=\"elementor-widget-container\">\n\t\t\t\t\t\t\t<div class=\"elementor-icon-box-wrapper\">\n\n\t\t\t\t\t\t<div class=\"elementor-icon-box-icon\">\n\t\t\t\t<span  class=\"elementor-icon\">\n\t\t\t\t<i aria-hidden=\"true\" class=\"icon icon-doctor\"><\/i>\t\t\t\t<\/span>\n\t\t\t<\/div>\n\t\t\t\n\t\t\t\t\t\t<div class=\"elementor-icon-box-content\">\n\n\t\t\t\t\t\t\t\t\t<h3 class=\"elementor-icon-box-title\">\n\t\t\t\t\t\t<span  >\n\t\t\t\t\t\t\tZaposleni\t\t\t\t\t\t<\/span>\n\t\t\t\t\t<\/h3>\n\t\t\t\t\n\t\t\t\t\t\t\t\t\t<p class=\"elementor-icon-box-description\">\n\t\t\t\t\t\tDr Biljana Maksimovi\u0107, spec. psihijatrije\t\t\t\t\t<\/p>\n\t\t\t\t\n\t\t\t<\/div>\n\t\t\t\n\t\t<\/div>\n\t\t\t\t\t\t<\/div>\n\t\t\t\t<\/div>\n\t\t\t\t<div class=\"elementor-element elementor-element-423f9d1 elementor-widget__width-initial elementor-widget-tablet__width-inherit elementor-view-default elementor-position-block-start elementor-mobile-position-block-start elementor-widget elementor-widget-icon-box\" data-id=\"423f9d1\" data-element_type=\"widget\" data-e-type=\"widget\" data-widget_type=\"icon-box.default\">\n\t\t\t\t<div class=\"elementor-widget-container\">\n\t\t\t\t\t\t\t<div class=\"elementor-icon-box-wrapper\">\n\n\t\t\t\t\t\t<div class=\"elementor-icon-box-icon\">\n\t\t\t\t<span  class=\"elementor-icon\">\n\t\t\t\t<i aria-hidden=\"true\" class=\"icon icon-clock11\"><\/i>\t\t\t\t<\/span>\n\t\t\t<\/div>\n\t\t\t\n\t\t\t\t\t\t<div class=\"elementor-icon-box-content\">\n\n\t\t\t\t\t\t\t\t\t<h3 class=\"elementor-icon-box-title\">\n\t\t\t\t\t\t<span  >\n\t\t\t\t\t\t\tRadno vreme\t\t\t\t\t\t<\/span>\n\t\t\t\t\t<\/h3>\n\t\t\t\t\n\t\t\t\t\t\t\t\t\t<p class=\"elementor-icon-box-description\">\n\t\t\t\t\t\tPonedeljak: 11:00-13:00; 13:00-15:00<br>\nSreda: 11:00-13:00; 13:00-15:00<br>\n\n\t\t\t\t\t<\/p>\n\t\t\t\t\n\t\t\t<\/div>\n\t\t\t\n\t\t<\/div>\n\t\t\t\t\t\t<\/div>\n\t\t\t\t<\/div>\n\t\t\t\t<div class=\"elementor-element elementor-element-c88df5d elementor-widget__width-initial elementor-widget-tablet__width-inherit elementor-view-default elementor-position-block-start elementor-mobile-position-block-start elementor-widget elementor-widget-icon-box\" data-id=\"c88df5d\" data-element_type=\"widget\" data-e-type=\"widget\" data-widget_type=\"icon-box.default\">\n\t\t\t\t<div class=\"elementor-widget-container\">\n\t\t\t\t\t\t\t<div class=\"elementor-icon-box-wrapper\">\n\n\t\t\t\t\t\t<div class=\"elementor-icon-box-icon\">\n\t\t\t\t<span  class=\"elementor-icon\">\n\t\t\t\t<i aria-hidden=\"true\" class=\"icon icon-phone-handset\"><\/i>\t\t\t\t<\/span>\n\t\t\t<\/div>\n\t\t\t\n\t\t\t\t\t\t<div class=\"elementor-icon-box-content\">\n\n\t\t\t\t\t\t\t\t\t<h3 class=\"elementor-icon-box-title\">\n\t\t\t\t\t\t<span  >\n\t\t\t\t\t\t\tKontakt\t\t\t\t\t\t<\/span>\n\t\t\t\t\t<\/h3>\n\t\t\t\t\n\t\t\t\t\t\t\t\t\t<p class=\"elementor-icon-box-description\">\n\t\t\t\t\t\t022\/215-22-00\t\t\t\t\t<\/p>\n\t\t\t\t\n\t\t\t<\/div>\n\t\t\t\n\t\t<\/div>\n\t\t\t\t\t\t<\/div>\n\t\t\t\t<\/div>\n\t\t\t\t\t<\/div>\n\t\t\t\t<\/div>\n\t\t\t\t<div class=\"elementor-element elementor-element-723ea97 elementor-arrows-position-outside elementor-pagination-position-outside elementor-widget elementor-widget-image-carousel\" data-id=\"723ea97\" data-element_type=\"widget\" data-e-type=\"widget\" data-settings=\"{&quot;slides_to_show&quot;:&quot;1&quot;,&quot;navigation&quot;:&quot;both&quot;,&quot;autoplay&quot;:&quot;yes&quot;,&quot;pause_on_hover&quot;:&quot;yes&quot;,&quot;pause_on_interaction&quot;:&quot;yes&quot;,&quot;autoplay_speed&quot;:5000,&quot;infinite&quot;:&quot;yes&quot;,&quot;effect&quot;:&quot;slide&quot;,&quot;speed&quot;:500}\" data-widget_type=\"image-carousel.default\">\n\t\t\t\t<div class=\"elementor-widget-container\">\n\t\t\t\t\t\t\t<div class=\"elementor-image-carousel-wrapper swiper\" role=\"region\" aria-roledescription=\"carousel\" aria-label=\"Image Carousel\" dir=\"ltr\">\n\t\t\t<div class=\"elementor-image-carousel swiper-wrapper\" aria-live=\"off\">\n\t\t\t\t\t\t\t\t<div class=\"swiper-slide\" role=\"group\" aria-roledescription=\"slide\" aria-label=\"1 of 1\"><a data-elementor-open-lightbox=\"yes\" data-elementor-lightbox-slideshow=\"723ea97\" data-e-action-hash=\"#elementor-action%3Aaction%3Dlightbox%26settings%3DeyJpZCI6MjE1OCwidXJsIjoiaHR0cHM6XC9cL2R6cGVjaW5jaS5yc1wvd29yZHByZXNzXC93cC1jb250ZW50XC91cGxvYWRzXC8yMDI0XC8wNFwvcHNpaGlqYXRyaWphLmpwZyIsInNsaWRlc2hvdyI6IjcyM2VhOTcifQ%3D%3D\" href=\"https:\/\/dzpecinci.rs\/wordpress\/wp-content\/uploads\/2024\/04\/psihijatrija.jpg\"><figure class=\"swiper-slide-inner\"><img decoding=\"async\" class=\"swiper-slide-image\" src=\"https:\/\/dzpecinci.rs\/wordpress\/wp-content\/uploads\/2024\/04\/psihijatrija-300x169.jpg\" alt=\"psihijatrija\" \/><\/figure><\/a><\/div>\t\t\t<\/div>\n\t\t\t\t\t<\/div>\n\t\t\t\t\t\t<\/div>\n\t\t\t\t<\/div>\n\t\t\t\t\t<\/div>\n\t\t\t\t<\/div>\n\t\t\t\t<\/div>\n\t\t","protected":false},"excerpt":{"rendered":"<p>Slu\u017eba neuropsihijatrije dijagnostikuje i le\u010di psihi\u010dke smetnje, odnosno sprovodi kontinuiranu prevenciju, terapiju i rehabilitaciju poreme\u0107aja centralnog nervnog sistema uzrokovanih psihosocijalnim i biolo\u0161kim (organiskim) faktorima. Slu\u017eba se bavi preventivnim radom na suzbijanju mentalnih poreme\u0107aja i bolesti zavisnosti. Zaposleni Dr Biljana Maksimovi\u0107, spec. psihijatrije Radno vreme Ponedeljak: 11:00-13:00; 13:00-15:00 Sreda: 11:00-13:00; 13:00-15:00 Kontakt 022\/215-22-00<\/p>\n","protected":false},"author":1,"featured_media":0,"parent":0,"menu_order":0,"comment_status":"closed","ping_status":"closed","template":"","meta":{"_eb_attr":"","footnotes":""},"class_list":["post-569","page","type-page","status-publish","hentry"],"blocksy_meta":[],"yoast_head":"<!-- This site is optimized with the Yoast SEO plugin v27.5 - https:\/\/yoast.com\/product\/yoast-seo-wordpress\/ -->\n<title>Neuropsihijatrija - Dom zdravlja &quot;Dr Dragan Funduk&quot; Pe\u0107inci<\/title>\n<meta name=\"description\" content=\"Slu\u017eba neuropsihijatrije dijagnostikuje i le\u010di psihi\u010dke smetnje i sprovodi kontinuiranu prevenciju poreme\u0107aja centralnog nervnog sistema.\" \/>\n<meta name=\"robots\" content=\"index, follow, max-snippet:-1, max-image-preview:large, max-video-preview:-1\" \/>\n<link rel=\"canonical\" href=\"https:\/\/dzpecinci.rs\/wordpress\/neuropsihijatrija\/\" \/>\n<meta property=\"og:locale\" content=\"sr_RS\" \/>\n<meta property=\"og:type\" content=\"article\" \/>\n<meta property=\"og:title\" content=\"Neuropsihijatrija - Dom zdravlja &quot;Dr Dragan Funduk&quot; Pe\u0107inci\" \/>\n<meta property=\"og:description\" content=\"Slu\u017eba neuropsihijatrije dijagnostikuje i le\u010di psihi\u010dke smetnje i sprovodi kontinuiranu prevenciju poreme\u0107aja centralnog nervnog sistema.\" \/>\n<meta property=\"og:url\" content=\"https:\/\/dzpecinci.rs\/wordpress\/neuropsihijatrija\/\" \/>\n<meta property=\"og:site_name\" content=\"Dom zdravlja &quot;Dr Dragan Funduk&quot; Pe\u0107inci\" \/>\n<meta property=\"article:modified_time\" content=\"2025-10-27T11:45:41+00:00\" \/>\n<meta property=\"og:image\" content=\"https:\/\/dzpecinci.rs\/wordpress\/wp-content\/uploads\/2024\/04\/psihijatrija-300x169.jpg\" \/>\n<meta name=\"twitter:card\" content=\"summary_large_image\" \/>\n<meta name=\"twitter:label1\" content=\"Procenjeno vreme \u010ditanja\" \/>\n\t<meta name=\"twitter:data1\" content=\"1 minut\" \/>\n<script type=\"application\/ld+json\" class=\"yoast-schema-graph\">{\"@context\":\"https:\\\/\\\/schema.org\",\"@graph\":[{\"@type\":\"WebPage\",\"@id\":\"https:\\\/\\\/dzpecinci.rs\\\/wordpress\\\/neuropsihijatrija\\\/\",\"url\":\"https:\\\/\\\/dzpecinci.rs\\\/wordpress\\\/neuropsihijatrija\\\/\",\"name\":\"\u041d\u0435\u0443\u0440\u043e\u043f\u0441\u0438\u0445\u0438\u0458\u0430\u0442\u0440\u0438\u0458\u0430 - Dom zdravlja &quot;Dr Dragan Funduk&quot; Pe\u0107inci\",\"isPartOf\":{\"@id\":\"https:\\\/\\\/dzpecinci.rs\\\/wordpress\\\/#website\"},\"primaryImageOfPage\":{\"@id\":\"https:\\\/\\\/dzpecinci.rs\\\/wordpress\\\/neuropsihijatrija\\\/#primaryimage\"},\"image\":{\"@id\":\"https:\\\/\\\/dzpecinci.rs\\\/wordpress\\\/neuropsihijatrija\\\/#primaryimage\"},\"thumbnailUrl\":\"https:\\\/\\\/dzpecinci.rs\\\/wordpress\\\/wp-content\\\/uploads\\\/2024\\\/04\\\/psihijatrija-300x169.jpg\",\"datePublished\":\"2023-07-19T06:57:49+00:00\",\"dateModified\":\"2025-10-27T11:45:41+00:00\",\"description\":\"\u0421\u043b\u0443\u0436\u0431\u0430 \u043d\u0435\u0443\u0440\u043e\u043f\u0441\u0438\u0445\u0438\u0458\u0430\u0442\u0440\u0438\u0458\u0435 \u0434\u0438\u0458\u0430\u0433\u043d\u043e\u0441\u0442\u0438\u043a\u0443\u0458\u0435 \u0438 \u043b\u0435\u0447\u0438 \u043f\u0441\u0438\u0445\u0438\u0447\u043a\u0435 \u0441\u043c\u0435\u0442\u045a\u0435 \u0438 \u0441\u043f\u0440\u043e\u0432\u043e\u0434\u0438 \u043a\u043e\u043d\u0442\u0438\u043d\u0443\u0438\u0440\u0430\u043d\u0443 \u043f\u0440\u0435\u0432\u0435\u043d\u0446\u0438\u0458\u0443 \u043f\u043e\u0440\u0435\u043c\u0435\u045b\u0430\u0458\u0430 \u0446\u0435\u043d\u0442\u0440\u0430\u043b\u043d\u043e\u0433 \u043d\u0435\u0440\u0432\u043d\u043e\u0433 \u0441\u0438\u0441\u0442\u0435\u043c\u0430.\",\"breadcrumb\":{\"@id\":\"https:\\\/\\\/dzpecinci.rs\\\/wordpress\\\/neuropsihijatrija\\\/#breadcrumb\"},\"inLanguage\":\"sr-RS\",\"potentialAction\":[{\"@type\":\"ReadAction\",\"target\":[\"https:\\\/\\\/dzpecinci.rs\\\/wordpress\\\/neuropsihijatrija\\\/\"]}]},{\"@type\":\"ImageObject\",\"inLanguage\":\"sr-RS\",\"@id\":\"https:\\\/\\\/dzpecinci.rs\\\/wordpress\\\/neuropsihijatrija\\\/#primaryimage\",\"url\":\"https:\\\/\\\/dzpecinci.rs\\\/wordpress\\\/wp-content\\\/uploads\\\/2024\\\/04\\\/psihijatrija.jpg\",\"contentUrl\":\"https:\\\/\\\/dzpecinci.rs\\\/wordpress\\\/wp-content\\\/uploads\\\/2024\\\/04\\\/psihijatrija.jpg\",\"width\":1920,\"height\":1080,\"caption\":\"psihijatrija\"},{\"@type\":\"BreadcrumbList\",\"@id\":\"https:\\\/\\\/dzpecinci.rs\\\/wordpress\\\/neuropsihijatrija\\\/#breadcrumb\",\"itemListElement\":[{\"@type\":\"ListItem\",\"position\":1,\"name\":\"Home\",\"item\":\"https:\\\/\\\/dzpecinci.rs\\\/wordpress\\\/\"},{\"@type\":\"ListItem\",\"position\":2,\"name\":\"\u041d\u0435\u0443\u0440\u043e\u043f\u0441\u0438\u0445\u0438\u0458\u0430\u0442\u0440\u0438\u0458\u0430\"}]},{\"@type\":\"WebSite\",\"@id\":\"https:\\\/\\\/dzpecinci.rs\\\/wordpress\\\/#website\",\"url\":\"https:\\\/\\\/dzpecinci.rs\\\/wordpress\\\/\",\"name\":\"\u0414\u043e\u043c \u0437\u0434\u0440\u0430\u0432\u0459\u0430 \\\"\u0414\u0440 \u0414\u0440\u0430\u0433\u0430\u043d \u0424\u0443\u043d\u0434\u0443\u043a\\\" \u041f\u0435\u045b\u0438\u043d\u0446\u0438\",\"description\":\"Informacije i aktuelnosti u vezi Doma zdravlja &quot;Dr Dragan Funduk&quot; Pe\u0107icni\",\"publisher\":{\"@id\":\"https:\\\/\\\/dzpecinci.rs\\\/wordpress\\\/#organization\"},\"potentialAction\":[{\"@type\":\"SearchAction\",\"target\":{\"@type\":\"EntryPoint\",\"urlTemplate\":\"https:\\\/\\\/dzpecinci.rs\\\/wordpress\\\/?s={search_term_string}\"},\"query-input\":{\"@type\":\"PropertyValueSpecification\",\"valueRequired\":true,\"valueName\":\"search_term_string\"}}],\"inLanguage\":\"sr-RS\"},{\"@type\":\"Organization\",\"@id\":\"https:\\\/\\\/dzpecinci.rs\\\/wordpress\\\/#organization\",\"name\":\"\u0414\u043e\u043c \u0437\u0434\u0440\u0430\u0432\u0459\u0430 \\\"\u0414\u0440 \u0414\u0440\u0430\u0433\u0430\u043d \u0424\u0443\u043d\u0434\u0443\u043a\\\" \u041f\u0435\u045b\u0438\u043d\u0446\u0438\",\"url\":\"https:\\\/\\\/dzpecinci.rs\\\/wordpress\\\/\",\"logo\":{\"@type\":\"ImageObject\",\"inLanguage\":\"sr-RS\",\"@id\":\"https:\\\/\\\/dzpecinci.rs\\\/wordpress\\\/#\\\/schema\\\/logo\\\/image\\\/\",\"url\":\"https:\\\/\\\/dzpecinci.rs\\\/wordpress\\\/wp-content\\\/uploads\\\/2023\\\/08\\\/logo2.png\",\"contentUrl\":\"https:\\\/\\\/dzpecinci.rs\\\/wordpress\\\/wp-content\\\/uploads\\\/2023\\\/08\\\/logo2.png\",\"width\":512,\"height\":512,\"caption\":\"\u0414\u043e\u043c \u0437\u0434\u0440\u0430\u0432\u0459\u0430 \\\"\u0414\u0440 \u0414\u0440\u0430\u0433\u0430\u043d \u0424\u0443\u043d\u0434\u0443\u043a\\\" \u041f\u0435\u045b\u0438\u043d\u0446\u0438\"},\"image\":{\"@id\":\"https:\\\/\\\/dzpecinci.rs\\\/wordpress\\\/#\\\/schema\\\/logo\\\/image\\\/\"}}]}<\/script>\n<!-- \/ Yoast SEO plugin. -->","yoast_head_json":{"title":"Neuropsihijatrija - Dom zdravlja &quot;Dr Dragan Funduk&quot; Pe\u0107inci","description":"Slu\u017eba neuropsihijatrije dijagnostikuje i le\u010di psihi\u010dke smetnje i sprovodi kontinuiranu prevenciju poreme\u0107aja centralnog nervnog sistema.","robots":{"index":"index","follow":"follow","max-snippet":"max-snippet:-1","max-image-preview":"max-image-preview:large","max-video-preview":"max-video-preview:-1"},"canonical":"https:\/\/dzpecinci.rs\/wordpress\/neuropsihijatrija\/","og_locale":"sr_RS","og_type":"article","og_title":"Neuropsihijatrija - Dom zdravlja &quot;Dr Dragan Funduk&quot; Pe\u0107inci","og_description":"Slu\u017eba neuropsihijatrije dijagnostikuje i le\u010di psihi\u010dke smetnje i sprovodi kontinuiranu prevenciju poreme\u0107aja centralnog nervnog sistema.","og_url":"https:\/\/dzpecinci.rs\/wordpress\/neuropsihijatrija\/","og_site_name":"Dom zdravlja &quot;Dr Dragan Funduk&quot; Pe\u0107inci","article_modified_time":"2025-10-27T11:45:41+00:00","og_image":[{"url":"https:\/\/dzpecinci.rs\/wordpress\/wp-content\/uploads\/2024\/04\/psihijatrija-300x169.jpg","type":"","width":"","height":""}],"twitter_card":"summary_large_image","twitter_misc":{"Procenjeno vreme \u010ditanja":"1 minut"},"schema":{"@context":"https:\/\/schema.org","@graph":[{"@type":"WebPage","@id":"https:\/\/dzpecinci.rs\/wordpress\/neuropsihijatrija\/","url":"https:\/\/dzpecinci.rs\/wordpress\/neuropsihijatrija\/","name":"Neuropsihijatrija - Dom zdravlja &quot;Dr Dragan Funduk&quot; Pe\u0107inci","isPartOf":{"@id":"https:\/\/dzpecinci.rs\/wordpress\/#website"},"primaryImageOfPage":{"@id":"https:\/\/dzpecinci.rs\/wordpress\/neuropsihijatrija\/#primaryimage"},"image":{"@id":"https:\/\/dzpecinci.rs\/wordpress\/neuropsihijatrija\/#primaryimage"},"thumbnailUrl":"https:\/\/dzpecinci.rs\/wordpress\/wp-content\/uploads\/2024\/04\/psihijatrija-300x169.jpg","datePublished":"2023-07-19T06:57:49+00:00","dateModified":"2025-10-27T11:45:41+00:00","description":"Slu\u017eba neuropsihijatrije dijagnostikuje i le\u010di psihi\u010dke smetnje i sprovodi kontinuiranu prevenciju poreme\u0107aja centralnog nervnog sistema.","breadcrumb":{"@id":"https:\/\/dzpecinci.rs\/wordpress\/neuropsihijatrija\/#breadcrumb"},"inLanguage":"sr-RS","potentialAction":[{"@type":"ReadAction","target":["https:\/\/dzpecinci.rs\/wordpress\/neuropsihijatrija\/"]}]},{"@type":"ImageObject","inLanguage":"sr-RS","@id":"https:\/\/dzpecinci.rs\/wordpress\/neuropsihijatrija\/#primaryimage","url":"https:\/\/dzpecinci.rs\/wordpress\/wp-content\/uploads\/2024\/04\/psihijatrija.jpg","contentUrl":"https:\/\/dzpecinci.rs\/wordpress\/wp-content\/uploads\/2024\/04\/psihijatrija.jpg","width":1920,"height":1080,"caption":"psihijatrija"},{"@type":"BreadcrumbList","@id":"https:\/\/dzpecinci.rs\/wordpress\/neuropsihijatrija\/#breadcrumb","itemListElement":[{"@type":"ListItem","position":1,"name":"Home","item":"https:\/\/dzpecinci.rs\/wordpress\/"},{"@type":"ListItem","position":2,"name":"Neuropsihijatrija"}]},{"@type":"WebSite","@id":"https:\/\/dzpecinci.rs\/wordpress\/#website","url":"https:\/\/dzpecinci.rs\/wordpress\/","name":"Dom zdravlja \"Dr Dragan Funduk\" Pe\u0107inci","description":"Informacije i aktuelnosti u vezi Doma zdravlja &quot;Dr Dragan Funduk&quot; Pe\u0107icni","publisher":{"@id":"https:\/\/dzpecinci.rs\/wordpress\/#organization"},"potentialAction":[{"@type":"SearchAction","target":{"@type":"EntryPoint","urlTemplate":"https:\/\/dzpecinci.rs\/wordpress\/?s={search_term_string}"},"query-input":{"@type":"PropertyValueSpecification","valueRequired":true,"valueName":"search_term_string"}}],"inLanguage":"sr-RS"},{"@type":"Organization","@id":"https:\/\/dzpecinci.rs\/wordpress\/#organization","name":"Dom zdravlja \"Dr Dragan Funduk\" Pe\u0107inci","url":"https:\/\/dzpecinci.rs\/wordpress\/","logo":{"@type":"ImageObject","inLanguage":"sr-RS","@id":"https:\/\/dzpecinci.rs\/wordpress\/#\/schema\/logo\/image\/","url":"https:\/\/dzpecinci.rs\/wordpress\/wp-content\/uploads\/2023\/08\/logo2.png","contentUrl":"https:\/\/dzpecinci.rs\/wordpress\/wp-content\/uploads\/2023\/08\/logo2.png","width":512,"height":512,"caption":"Dom zdravlja \"Dr Dragan Funduk\" Pe\u0107inci"},"image":{"@id":"https:\/\/dzpecinci.rs\/wordpress\/#\/schema\/logo\/image\/"}}]}},"rttpg_featured_image_url":null,"rttpg_author":{"display_name":"admin","author_link":"https:\/\/dzpecinci.rs\/wordpress\/author\/domzdravlja-pecinci_npmn7gpz\/"},"rttpg_comment":0,"rttpg_category":null,"rttpg_excerpt":"Slu\u017eba neuropsihijatrije dijagnostikuje i le\u010di psihi\u010dke smetnje, odnosno sprovodi kontinuiranu prevenciju, terapiju i rehabilitaciju poreme\u0107aja centralnog nervnog sistema uzrokovanih psihosocijalnim i biolo\u0161kim (organiskim) faktorima. Slu\u017eba se bavi preventivnim radom na suzbijanju mentalnih poreme\u0107aja i bolesti zavisnosti. Zaposleni Dr Biljana Maksimovi\u0107, spec. psihijatrije Radno vreme Ponedeljak: 11:00-13:00; 13:00-15:00 Sreda: 11:00-13:00; 13:00-15:00 Kontakt 022\/215-22-00","_links":{"self":[{"href":"https:\/\/dzpecinci.rs\/wordpress\/wp-json\/wp\/v2\/pages\/569","targetHints":{"allow":["GET"]}}],"collection":[{"href":"https:\/\/dzpecinci.rs\/wordpress\/wp-json\/wp\/v2\/pages"}],"about":[{"href":"https:\/\/dzpecinci.rs\/wordpress\/wp-json\/wp\/v2\/types\/page"}],"author":[{"embeddable":true,"href":"https:\/\/dzpecinci.rs\/wordpress\/wp-json\/wp\/v2\/users\/1"}],"replies":[{"embeddable":true,"href":"https:\/\/dzpecinci.rs\/wordpress\/wp-json\/wp\/v2\/comments?post=569"}],"version-history":[{"count":4,"href":"https:\/\/dzpecinci.rs\/wordpress\/wp-json\/wp\/v2\/pages\/569\/revisions"}],"predecessor-version":[{"id":2886,"href":"https:\/\/dzpecinci.rs\/wordpress\/wp-json\/wp\/v2\/pages\/569\/revisions\/2886"}],"wp:attachment":[{"href":"https:\/\/dzpecinci.rs\/wordpress\/wp-json\/wp\/v2\/media?parent=569"}],"curies":[{"name":"wp","href":"https:\/\/api.w.org\/{rel}","templated":true}]}}